{"id":2411,"date":"2025-12-04T11:11:38","date_gmt":"2025-12-04T18:11:38","guid":{"rendered":"https:\/\/stmarycs.net\/?page_id=2411"},"modified":"2025-12-04T11:25:57","modified_gmt":"2025-12-04T18:25:57","slug":"academico-2","status":"publish","type":"page","link":"https:\/\/stmarycs.net\/es\/academico-2\/","title":{"rendered":"Formaci\u00f3n de fe"},"content":{"rendered":"[vc_row type=\u00bbfull_width_background\u00bb full_screen_row_position=\u00bbmiddle\u00bb column_margin=\u00bbdefault\u00bb column_direction=\u00bbdefault\u00bb column_direction_tablet=\u00bbdefault\u00bb column_direction_phone=\u00bbdefault\u00bb scene_position=\u00bbcenter\u00bb top_padding=\u00bb15%\u00bb bottom_padding=\u00bb12%\u00bb text_color=\u00bblight\u00bb text_align=\u00bbleft\u00bb row_border_radius=\u00bbnone\u00bb row_border_radius_applies=\u00bbbg\u00bb overflow=\u00bbvisible\u00bb enable_gradient=\u00bbtrue\u00bb color_overlay=\u00bb#020f62&#8243; color_overlay_2=\u00bb#454860&#8243; advanced_gradient_angle=\u00bb0&#8243; overlay_strength=\u00bb0.8&#8243; gradient_direction=\u00bbleft_t_to_right_b\u00bb enable_shape_divider=\u00bbtrue\u00bb shape_divider_color=\u00bb#ffffff\u00bb shape_divider_position=\u00bbbottom\u00bb shape_divider_height=\u00bb150&#8243; shape_divider_bring_to_front=\u00bbtrue\u00bb bg_image_animation=\u00bbnone\u00bb shape_type=\u00bbwaves_opacity\u00bb gradient_type=\u00bbdefault\u00bb][vc_column column_padding=\u00bbno-extra-padding\u00bb column_padding_tablet=\u00bbinherit\u00bb column_padding_phone=\u00bbinherit\u00bb column_padding_position=\u00bball\u00bb column_element_spacing=\u00bbdefault\u00bb background_color_opacity=\u00bb1&#8243; background_hover_color_opacity=\u00bb1&#8243; column_shadow=\u00bbnone\u00bb column_border_radius=\u00bbnone\u00bb column_link_target=\u00bb_self\u00bb column_position=\u00bbdefault\u00bb gradient_direction=\u00bbleft_to_right\u00bb overlay_strength=\u00bb0.3&#8243; width=\u00bb1\/1&#8243; tablet_width_inherit=\u00bbdefault\u00bb tablet_text_alignment=\u00bbdefault\u00bb phone_text_alignment=\u00bbdefault\u00bb animation_type=\u00bbdefault\u00bb bg_image_animation=\u00bbnone\u00bb border_type=\u00bbsimple\u00bb column_border_width=\u00bbnone\u00bb column_border_style=\u00bbsolid\u00bb][vc_column_text]\n<h1 style=\"text-align: center;\">Formaci\u00f3n de fe<\/h1>\n[\/vc_column_text][\/vc_column][\/vc_row][vc_row type=\u00bbfull_width_background\u00bb full_screen_row_position=\u00bbmiddle\u00bb column_margin=\u00bbdefault\u00bb column_direction=\u00bbdefault\u00bb column_direction_tablet=\u00bbdefault\u00bb column_direction_phone=\u00bbdefault\u00bb scene_position=\u00bbcenter\u00bb top_padding=\u00bb4%\u00bb bottom_padding=\u00bb3%\u00bb text_color=\u00bbdark\u00bb text_align=\u00bbleft\u00bb row_border_radius=\u00bbnone\u00bb row_border_radius_applies=\u00bbbg\u00bb overflow=\u00bbvisible\u00bb overlay_strength=\u00bb0.3&#8243; gradient_direction=\u00bbleft_to_right\u00bb shape_divider_position=\u00bbbottom\u00bb bg_image_animation=\u00bbnone\u00bb shape_type=\u00bb\u00bb][vc_column column_padding=\u00bbno-extra-padding\u00bb column_padding_tablet=\u00bbinherit\u00bb column_padding_phone=\u00bbinherit\u00bb column_padding_position=\u00bball\u00bb column_element_spacing=\u00bbdefault\u00bb background_color_opacity=\u00bb1&#8243; background_hover_color_opacity=\u00bb1&#8243; column_shadow=\u00bbnone\u00bb column_border_radius=\u00bbnone\u00bb column_link_target=\u00bb_self\u00bb column_position=\u00bbdefault\u00bb gradient_direction=\u00bbleft_to_right\u00bb overlay_strength=\u00bb0.3&#8243; width=\u00bb1\/1&#8243; tablet_width_inherit=\u00bbdefault\u00bb tablet_text_alignment=\u00bbdefault\u00bb phone_text_alignment=\u00bbdefault\u00bb animation_type=\u00bbdefault\u00bb bg_image_animation=\u00bbnone\u00bb border_type=\u00bbsimple\u00bb column_border_width=\u00bbnone\u00bb column_border_style=\u00bbsolid\u00bb][vc_column_text]\n<section class=\"page-section full-bleed-section layout-engine-section background-width--full-bleed section-height--small content-width--wide horizontal-alignment--center vertical-alignment--top bright-inverse\" data-test=\"page-section\" data-section-theme=\"bright-inverse\" data-section-id=\"663a1c55ae1eb31f73fde518\" data-controller=\"SectionWrapperController\" data-current-styles=\"{ \"imageOverlayOpacity\": 0.15, \"backgroundWidth\": \"background-width--full-bleed\", \"sectionHeight\": \"section-height--small\", \"customSectionHeight\": 1, \"horizontalAlignment\": \"horizontal-alignment--center\", \"verticalAlignment\": \"vertical-alignment--top\", \"contentWidth\": \"content-width--wide\", \"customContentWidth\": 50, \"sectionTheme\": \"bright-inverse\", \"sectionAnimation\": \"none\", \"backgroundMode\": \"image\" }\" data-current-context=\"{ \"video\": { \"playbackSpeed\": 0.5, \"filter\": 1, \"filterStrength\": 0, \"zoom\": 0, \"videoSourceProvider\": \"none\" }, \"backgroundImageId\": null, \"backgroundMediaEffect\": { \"type\": \"none\" }, \"divider\": { \"enabled\": false }, \"typeName\": \"page\" }\" data-animation=\"none\" data-fluid-engine-section=\"\" data-controllers-bound=\"SectionWrapperController\" data-active=\"true\">\n<div class=\"content-wrapper\">\n<div class=\"content\">\n<div data-fluid-engine=\"true\">\n<div class=\"fluid-engine fe-663a1c55ae1eb31f73fde517\">\n<div class=\"fe-block fe-block-fc359eba413a466331e8\">\n<div id=\"block-fc359eba413a466331e8\" class=\"sqs-block html-block sqs-block-html\" data-blend-mode=\"NORMAL\" data-block-type=\"2\" data-border-radii=\"{\"topLeft\":{\"unit\":\"px\",\"value\":0.0},\"topRight\":{\"unit\":\"px\",\"value\":0.0},\"bottomLeft\":{\"unit\":\"px\",\"value\":0.0},\"bottomRight\":{\"unit\":\"px\",\"value\":0.0}}\" data-sqsp-block=\"text\">\n<div class=\"sqs-block-content\">\n<div class=\"sqs-html-content\" data-sqsp-text-block-content=\"\">\n<p data-start=\"102\" data-end=\"708\">La fe es la base de nuestra comunidad escolar, lo que nos distingue de otras opciones educativas en Greeley. Nuestros estudiantes profundizan su comprensi\u00f3n de Cristo y la fe cat\u00f3lica a trav\u00e9s de un curr\u00edculo religioso integral, dirigido por maestros certificados y capacitados como catequistas, y con un fuerte \u00e9nfasis en el servicio al pr\u00f3jimo. La oraci\u00f3n diaria, la misa diaria, las liturgias estacionales, los servicios especiales de oraci\u00f3n y los retiros espirituales ayudan a los estudiantes a crecer tanto en la fe como en la devoci\u00f3n. En toda nuestra escuela, estatuas, im\u00e1genes y espacios de oraci\u00f3n religiosos sirven como recordatorios constantes para vivir nuestras creencias en la vida cotidiana.   <\/p>\n<\/div>\n<\/div>\n<\/div>\n<\/div>\n<\/div>\n<\/div>\n<\/div>\n<\/div>\n<\/section>\n[\/vc_column_text][divider line_type=\u00bbNo Line\u00bb custom_height=\u00bb20&#8243;][vc_row_inner column_margin=\u00bbdefault\u00bb column_direction=\u00bbdefault\u00bb column_direction_tablet=\u00bbdefault\u00bb column_direction_phone=\u00bbdefault\u00bb text_align=\u00bbleft\u00bb row_position=\u00bbdefault\u00bb row_position_tablet=\u00bbinherit\u00bb row_position_phone=\u00bbinherit\u00bb overflow=\u00bbvisible\u00bb pointer_events=\u00bball\u00bb][vc_column_inner column_padding=\u00bbno-extra-padding\u00bb column_padding_tablet=\u00bbinherit\u00bb column_padding_phone=\u00bbinherit\u00bb column_padding_position=\u00bball\u00bb column_element_spacing=\u00bbdefault\u00bb background_color_opacity=\u00bb1&#8243; background_hover_color_opacity=\u00bb1&#8243; column_shadow=\u00bbnone\u00bb column_border_radius=\u00bbnone\u00bb column_link_target=\u00bb_self\u00bb gradient_direction=\u00bbleft_to_right\u00bb overlay_strength=\u00bb0.3&#8243; width=\u00bb1\/4&#8243; tablet_width_inherit=\u00bbdefault\u00bb animation_type=\u00bbdefault\u00bb bg_image_animation=\u00bbnone\u00bb border_type=\u00bbsimple\u00bb column_border_width=\u00bbnone\u00bb column_border_style=\u00bbsolid\u00bb][image_with_animation image_url=\u00bb2416&#8243; image_size=\u00bbfull\u00bb animation_type=\u00bbentrance\u00bb animation=\u00bbFade In\u00bb hover_animation=\u00bbnone\u00bb alignment=\u00bb\u00bb border_radius=\u00bbnone\u00bb box_shadow=\u00bbnone\u00bb image_loading=\u00bbdefault\u00bb max_width=\u00bb100%\u00bb max_width_mobile=\u00bbdefault\u00bb][\/vc_column_inner][vc_column_inner column_padding=\u00bbno-extra-padding\u00bb column_padding_tablet=\u00bbinherit\u00bb column_padding_phone=\u00bbinherit\u00bb column_padding_position=\u00bball\u00bb column_element_spacing=\u00bbdefault\u00bb background_color_opacity=\u00bb1&#8243; background_hover_color_opacity=\u00bb1&#8243; column_shadow=\u00bbnone\u00bb column_border_radius=\u00bbnone\u00bb column_link_target=\u00bb_self\u00bb gradient_direction=\u00bbleft_to_right\u00bb overlay_strength=\u00bb0.3&#8243; width=\u00bb3\/4&#8243; tablet_width_inherit=\u00bbdefault\u00bb animation_type=\u00bbdefault\u00bb bg_image_animation=\u00bbnone\u00bb border_type=\u00bbsimple\u00bb column_border_width=\u00bbnone\u00bb column_border_style=\u00bbsolid\u00bb][vc_column_text]\n<h5 style=\"text-align: center;\">Oraci\u00f3n en el coraz\u00f3n<\/h5>\n<p>La oraci\u00f3n marca el ritmo de nuestra vida escolar. Comenzamos y terminamos cada d\u00eda con oraci\u00f3n, y hacemos una pausa para orar antes de las comidas y las clases. Todos los grados participan en la instrucci\u00f3n religiosa diaria, comenzando con la comprensi\u00f3n de los muchos dones de Dios y profundizando en lecciones sobre los sacramentos, el servicio, la oraci\u00f3n, la vida de Jes\u00fas y los fundamentos de nuestra fe cat\u00f3lica. Nuestros alumnos de segundo grado se preparan y celebran su Primera Reconciliaci\u00f3n, seguida de la Primera Comuni\u00f3n y la Confirmaci\u00f3n en tercer grado, lo que marca pasos importantes en su camino espiritual.[\/vc_column_text][\/vc_column_inner][\/vc_row_inner][vc_row_inner column_margin=\u00bbdefault\u00bb column_direction=\u00bbdefault\u00bb column_direction_tablet=\u00bbdefault\u00bb column_direction_phone=\u00bbdefault\u00bb text_align=\u00bbleft\u00bb row_position=\u00bbdefault\u00bb row_position_tablet=\u00bbinherit\u00bb row_position_phone=\u00bbinherit\u00bb overflow=\u00bbvisible\u00bb pointer_events=\u00bball\u00bb][vc_column_inner column_padding=\u00bbno-extra-padding\u00bb column_padding_tablet=\u00bbinherit\u00bb column_padding_phone=\u00bbinherit\u00bb column_padding_position=\u00bball\u00bb column_element_spacing=\u00bbdefault\u00bb background_color_opacity=\u00bb1&#8243; background_hover_color_opacity=\u00bb1&#8243; column_shadow=\u00bbnone\u00bb column_border_radius=\u00bbnone\u00bb column_link_target=\u00bb_self\u00bb gradient_direction=\u00bbleft_to_right\u00bb overlay_strength=\u00bb0.3&#8243; width=\u00bb1\/4&#8243; tablet_width_inherit=\u00bbdefault\u00bb animation_type=\u00bbdefault\u00bb bg_image_animation=\u00bbnone\u00bb border_type=\u00bbsimple\u00bb column_border_width=\u00bbnone\u00bb column_border_style=\u00bbsolid\u00bb][image_with_animation image_url=\u00bb2405&#8243; image_size=\u00bbfull\u00bb animation_type=\u00bbentrance\u00bb animation=\u00bbFade In\u00bb hover_animation=\u00bbnone\u00bb alignment=\u00bb\u00bb border_radius=\u00bbnone\u00bb box_shadow=\u00bbnone\u00bb image_loading=\u00bbdefault\u00bb max_width=\u00bb100%\u00bb max_width_mobile=\u00bbdefault\u00bb][\/vc_column_inner][vc_column_inner column_padding=\u00bbno-extra-padding\u00bb column_padding_tablet=\u00bbinherit\u00bb column_padding_phone=\u00bbinherit\u00bb column_padding_position=\u00bball\u00bb column_element_spacing=\u00bbdefault\u00bb background_color_opacity=\u00bb1&#8243; background_hover_color_opacity=\u00bb1&#8243; column_shadow=\u00bbnone\u00bb column_border_radius=\u00bbnone\u00bb column_link_target=\u00bb_self\u00bb gradient_direction=\u00bbleft_to_right\u00bb overlay_strength=\u00bb0.3&#8243; width=\u00bb3\/4&#8243; tablet_width_inherit=\u00bbdefault\u00bb animation_type=\u00bbdefault\u00bb bg_image_animation=\u00bbnone\u00bb border_type=\u00bbsimple\u00bb column_border_width=\u00bbnone\u00bb column_border_style=\u00bbsolid\u00bb][vc_column_text]\n<h5 style=\"text-align: center;\">Experimentando el amor de Cristo<\/h5>\n<p>En la Escuela Cat\u00f3lica St. Mary, los alumnos encuentran el amor de Jes\u00fas a trav\u00e9s de la oraci\u00f3n, el culto y las experiencias comunitarias significativas. Participan en la oraci\u00f3n diaria, la misa semanal, retiros y celebraciones lit\u00fargicas especiales que nutren su crecimiento espiritual. Durante las misas escolares, participan activamente leyendo, presentando las ofrendas, sirviendo como monaguillos y cantando en el coro. En el Rosario escolar semanal, los alumnos gu\u00edan a sus compa\u00f1eros en la oraci\u00f3n, dando un s\u00f3lido ejemplo de fe a sus compa\u00f1eros m\u00e1s j\u00f3venes.[\/vc_column_text][\/vc_column_inner][\/vc_row_inner][vc_row_inner column_margin=\u00bbdefault\u00bb column_direction=\u00bbdefault\u00bb column_direction_tablet=\u00bbdefault\u00bb column_direction_phone=\u00bbdefault\u00bb text_align=\u00bbleft\u00bb row_position=\u00bbdefault\u00bb row_position_tablet=\u00bbinherit\u00bb row_position_phone=\u00bbinherit\u00bb overflow=\u00bbvisible\u00bb pointer_events=\u00bball\u00bb][vc_column_inner column_padding=\u00bbno-extra-padding\u00bb column_padding_tablet=\u00bbinherit\u00bb column_padding_phone=\u00bbinherit\u00bb column_padding_position=\u00bball\u00bb column_element_spacing=\u00bbdefault\u00bb background_color_opacity=\u00bb1&#8243; background_hover_color_opacity=\u00bb1&#8243; column_shadow=\u00bbnone\u00bb column_border_radius=\u00bbnone\u00bb column_link_target=\u00bb_self\u00bb gradient_direction=\u00bbleft_to_right\u00bb overlay_strength=\u00bb0.3&#8243; width=\u00bb1\/4&#8243; tablet_width_inherit=\u00bbdefault\u00bb animation_type=\u00bbdefault\u00bb bg_image_animation=\u00bbnone\u00bb border_type=\u00bbsimple\u00bb column_border_width=\u00bbnone\u00bb column_border_style=\u00bbsolid\u00bb][image_with_animation image_url=\u00bb2418&#8243; image_size=\u00bbfull\u00bb animation_type=\u00bbentrance\u00bb animation=\u00bbFade In\u00bb hover_animation=\u00bbnone\u00bb alignment=\u00bb\u00bb border_radius=\u00bbnone\u00bb box_shadow=\u00bbnone\u00bb image_loading=\u00bbdefault\u00bb max_width=\u00bb100%\u00bb max_width_mobile=\u00bbdefault\u00bb][\/vc_column_inner][vc_column_inner column_padding=\u00bbno-extra-padding\u00bb column_padding_tablet=\u00bbinherit\u00bb column_padding_phone=\u00bbinherit\u00bb column_padding_position=\u00bball\u00bb column_element_spacing=\u00bbdefault\u00bb background_color_opacity=\u00bb1&#8243; background_hover_color_opacity=\u00bb1&#8243; column_shadow=\u00bbnone\u00bb column_border_radius=\u00bbnone\u00bb column_link_target=\u00bb_self\u00bb gradient_direction=\u00bbleft_to_right\u00bb overlay_strength=\u00bb0.3&#8243; width=\u00bb3\/4&#8243; tablet_width_inherit=\u00bbdefault\u00bb animation_type=\u00bbdefault\u00bb bg_image_animation=\u00bbnone\u00bb border_type=\u00bbsimple\u00bb column_border_width=\u00bbnone\u00bb column_border_style=\u00bbsolid\u00bb][vc_column_text]\n<h5 style=\"text-align: center;\">Apoy\u00e1ndonos unos a otros<\/h5>\n<p>Entendemos que a los estudiantes m\u00e1s peque\u00f1os les puede resultar dif\u00edcil seguir la misa, por eso contamos con nuestro Sistema de Compa\u00f1eros. Los estudiantes de 4.\u00ba a 8.\u00ba grado se emparejan con ni\u00f1os de preescolar a 3.\u00ba grado para guiarlos, ayud\u00e1ndolos a mantenerse motivados y participar con confianza. M\u00e1s all\u00e1 de la misa, estos compa\u00f1eros colaboran durante las actividades escolares y disfrutan vi\u00e9ndose en el campus. Es una conexi\u00f3n significativa que no solo apoya a nuestros estudiantes m\u00e1s peque\u00f1os, sino que tambi\u00e9n brinda a los estudiantes mayores valiosas oportunidades para desarrollarse como l\u00edderes.[\/vc_column_text][\/vc_column_inner][\/vc_row_inner][vc_row_inner column_margin=\u00bbdefault\u00bb column_direction=\u00bbdefault\u00bb column_direction_tablet=\u00bbdefault\u00bb column_direction_phone=\u00bbdefault\u00bb text_align=\u00bbleft\u00bb row_position=\u00bbdefault\u00bb row_position_tablet=\u00bbinherit\u00bb row_position_phone=\u00bbinherit\u00bb overflow=\u00bbvisible\u00bb pointer_events=\u00bball\u00bb][vc_column_inner column_padding=\u00bbno-extra-padding\u00bb column_padding_tablet=\u00bbinherit\u00bb column_padding_phone=\u00bbinherit\u00bb column_padding_position=\u00bball\u00bb column_element_spacing=\u00bbdefault\u00bb background_color_opacity=\u00bb1&#8243; background_hover_color_opacity=\u00bb1&#8243; column_shadow=\u00bbnone\u00bb column_border_radius=\u00bbnone\u00bb column_link_target=\u00bb_self\u00bb gradient_direction=\u00bbleft_to_right\u00bb overlay_strength=\u00bb0.3&#8243; width=\u00bb1\/4&#8243; tablet_width_inherit=\u00bbdefault\u00bb animation_type=\u00bbdefault\u00bb bg_image_animation=\u00bbnone\u00bb border_type=\u00bbsimple\u00bb column_border_width=\u00bbnone\u00bb column_border_style=\u00bbsolid\u00bb][image_with_animation image_url=\u00bb2420&#8243; image_size=\u00bbfull\u00bb animation_type=\u00bbentrance\u00bb animation=\u00bbFade In\u00bb hover_animation=\u00bbnone\u00bb alignment=\u00bb\u00bb border_radius=\u00bbnone\u00bb box_shadow=\u00bbnone\u00bb image_loading=\u00bbdefault\u00bb max_width=\u00bb100%\u00bb max_width_mobile=\u00bbdefault\u00bb][\/vc_column_inner][vc_column_inner column_padding=\u00bbno-extra-padding\u00bb column_padding_tablet=\u00bbinherit\u00bb column_padding_phone=\u00bbinherit\u00bb column_padding_position=\u00bball\u00bb column_element_spacing=\u00bbdefault\u00bb background_color_opacity=\u00bb1&#8243; background_hover_color_opacity=\u00bb1&#8243; column_shadow=\u00bbnone\u00bb column_border_radius=\u00bbnone\u00bb column_link_target=\u00bb_self\u00bb gradient_direction=\u00bbleft_to_right\u00bb overlay_strength=\u00bb0.3&#8243; width=\u00bb3\/4&#8243; tablet_width_inherit=\u00bbdefault\u00bb animation_type=\u00bbdefault\u00bb bg_image_animation=\u00bbnone\u00bb border_type=\u00bbsimple\u00bb column_border_width=\u00bbnone\u00bb column_border_style=\u00bbsolid\u00bb][vc_column_text]\n<h5 style=\"text-align: center;\">Fe en acci\u00f3n<\/h5>\n<p>Nuestra escuela fomenta un crecimiento espiritual significativo ofreciendo a los estudiantes diversas experiencias centradas en la fe a lo largo del a\u00f1o. Desde retiros escolares hasta oportunidades de servicio, cada actividad contribuye a profundizar su relaci\u00f3n con Cristo y a fortalecer nuestra comunidad. Entre las actividades m\u00e1s destacadas se incluyen nuestro Retiro de Cuaresma Escolar, la Colecta de Alimentos de Acci\u00f3n de Gracias del 4\u00ba Grado, el campamento de tres d\u00edas Annunciation Heights de la Escuela Secundaria en las monta\u00f1as Rockies, y mucho m\u00e1s.[\/vc_column_text][\/vc_column_inner][\/vc_row_inner][\/vc_column][\/vc_row]\n","protected":false},"excerpt":{"rendered":"<p>[vc_row type=\u00bbfull_width_background\u00bb full_screen_row_position=\u00bbmiddle\u00bb column_margin=\u00bbdefault\u00bb column_direction=\u00bbdefault\u00bb column_direction_tablet=\u00bbdefault\u00bb column_direction_phone=\u00bbdefault\u00bb scene_position=\u00bbcenter\u00bb top_padding=\u00bb15%\u00bb bottom_padding=\u00bb12%\u00bb text_color=\u00bblight\u00bb text_align=\u00bbleft\u00bb row_border_radius=\u00bbnone\u00bb row_border_radius_applies=\u00bbbg\u00bb overflow=\u00bbvisible\u00bb enable_gradient=\u00bbtrue\u00bb color_overlay=\u00bb#020f62&#8243; color_overlay_2=\u00bb#454860&#8243; advanced_gradient_angle=\u00bb0&#8243; overlay_strength=\u00bb0.8&#8243; gradient_direction=\u00bbleft_t_to_right_b\u00bb enable_shape_divider=\u00bbtrue\u00bb shape_divider_color=\u00bb#ffffff\u00bb shape_divider_position=\u00bbbottom\u00bb shape_divider_height=\u00bb150&#8243; shape_divider_bring_to_front=\u00bbtrue\u00bb bg_image_animation=\u00bbnone\u00bb shape_type=\u00bbwaves_opacity\u00bb gradient_type=\u00bbdefault\u00bb][vc_column column_padding=\u00bbno-extra-padding\u00bb&#8230;<\/p>\n","protected":false},"author":27,"featured_media":2069,"parent":0,"menu_order":0,"comment_status":"closed","ping_status":"closed","template":"","meta":{"footnotes":""},"class_list":["post-2411","page","type-page","status-publish","has-post-thumbnail"],"_links":{"self":[{"href":"https:\/\/stmarycs.net\/es\/wp-json\/wp\/v2\/pages\/2411","targetHints":{"allow":["GET"]}}],"collection":[{"href":"https:\/\/stmarycs.net\/es\/wp-json\/wp\/v2\/pages"}],"about":[{"href":"https:\/\/stmarycs.net\/es\/wp-json\/wp\/v2\/types\/page"}],"author":[{"embeddable":true,"href":"https:\/\/stmarycs.net\/es\/wp-json\/wp\/v2\/users\/27"}],"replies":[{"embeddable":true,"href":"https:\/\/stmarycs.net\/es\/wp-json\/wp\/v2\/comments?post=2411"}],"version-history":[{"count":0,"href":"https:\/\/stmarycs.net\/es\/wp-json\/wp\/v2\/pages\/2411\/revisions"}],"wp:featuredmedia":[{"embeddable":true,"href":"https:\/\/stmarycs.net\/es\/wp-json\/wp\/v2\/media\/2069"}],"wp:attachment":[{"href":"https:\/\/stmarycs.net\/es\/wp-json\/wp\/v2\/media?parent=2411"}],"curies":[{"name":"wp","href":"https:\/\/api.w.org\/{rel}","templated":true}]}}