{"id":2095,"date":"2023-08-28T10:42:41","date_gmt":"2023-08-28T16:42:41","guid":{"rendered":"https:\/\/stmarycs.net\/conozca-a-nuestro-personal\/andrea-lopez\/"},"modified":"2024-02-19T09:19:25","modified_gmt":"2024-02-19T16:19:25","slug":"andrea-lopez","status":"publish","type":"page","link":"https:\/\/stmarycs.net\/es\/conozca-a-nuestro-personal\/andrea-lopez\/","title":{"rendered":"Andrea Lopez"},"content":{"rendered":"[vc_row type=\u00bbin_container\u00bb full_screen_row_position=\u00bbmiddle\u00bb column_margin=\u00bbdefault\u00bb column_direction=\u00bbdefault\u00bb column_direction_tablet=\u00bbdefault\u00bb column_direction_phone=\u00bbdefault\u00bb scene_position=\u00bbcenter\u00bb text_color=\u00bbdark\u00bb text_align=\u00bbleft\u00bb row_border_radius=\u00bbnone\u00bb row_border_radius_applies=\u00bbbg\u00bb overflow=\u00bbvisible\u00bb advanced_gradient_angle=\u00bb0&#8243; overlay_strength=\u00bb0.3&#8243; gradient_direction=\u00bbleft_to_right\u00bb enable_shape_divider=\u00bbtrue\u00bb shape_divider_color=\u00bb#020f62&#8243; shape_divider_position=\u00bbboth\u00bb shape_divider_height=\u00bb125&#8243; shape_divider_bring_to_front=\u00bbtrue\u00bb bg_image_animation=\u00bbnone\u00bb shape_type=\u00bbwaves_opacity\u00bb gradient_type=\u00bbdefault\u00bb][vc_column column_padding=\u00bbno-extra-padding\u00bb column_padding_tablet=\u00bbinherit\u00bb column_padding_phone=\u00bbinherit\u00bb column_padding_position=\u00bball\u00bb column_element_spacing=\u00bbdefault\u00bb background_color_opacity=\u00bb1&#8243; background_hover_color_opacity=\u00bb1&#8243; column_shadow=\u00bbnone\u00bb column_border_radius=\u00bbnone\u00bb column_link_target=\u00bb_self\u00bb column_position=\u00bbdefault\u00bb gradient_direction=\u00bbleft_to_right\u00bb overlay_strength=\u00bb0.3&#8243; width=\u00bb1\/1&#8243; tablet_width_inherit=\u00bbdefault\u00bb tablet_text_alignment=\u00bbdefault\u00bb phone_text_alignment=\u00bbdefault\u00bb animation_type=\u00bbdefault\u00bb bg_image_animation=\u00bbnone\u00bb border_type=\u00bbsimple\u00bb column_border_width=\u00bbnone\u00bb column_border_style=\u00bbsolid\u00bb][divider line_type=\u00bbNo Line\u00bb custom_height=\u00bb125px\u00bb][vc_row_inner equal_height=\u00bbyes\u00bb column_margin=\u00bbdefault\u00bb column_direction=\u00bbdefault\u00bb column_direction_tablet=\u00bbdefault\u00bb column_direction_phone=\u00bbdefault\u00bb text_align=\u00bbleft\u00bb row_position=\u00bbdefault\u00bb row_position_tablet=\u00bbinherit\u00bb row_position_phone=\u00bbinherit\u00bb overflow=\u00bbvisible\u00bb pointer_events=\u00bball\u00bb][vc_column_inner column_padding=\u00bbno-extra-padding\u00bb column_padding_tablet=\u00bbinherit\u00bb column_padding_phone=\u00bbinherit\u00bb column_padding_position=\u00bball\u00bb column_element_spacing=\u00bbdefault\u00bb background_color_opacity=\u00bb1&#8243; background_hover_color_opacity=\u00bb1&#8243; column_shadow=\u00bbnone\u00bb column_border_radius=\u00bbnone\u00bb column_link_target=\u00bb_self\u00bb advanced_gradient_angle=\u00bb0&#8243; gradient_direction=\u00bbleft_to_right\u00bb overlay_strength=\u00bb0.3&#8243; width=\u00bb1\/3&#8243; tablet_width_inherit=\u00bbdefault\u00bb animation_type=\u00bbdefault\u00bb bg_image_animation=\u00bbnone\u00bb border_type=\u00bbsimple\u00bb column_border_width=\u00bbnone\u00bb column_border_style=\u00bbsolid\u00bb gradient_type=\u00bbdefault\u00bb][image_with_animation image_url=\u00bb1929&#8243; image_size=\u00bbfull\u00bb animation_type=\u00bbentrance\u00bb animation=\u00bbFade In\u00bb hover_animation=\u00bbnone\u00bb alignment=\u00bb\u00bb border_radius=\u00bbnone\u00bb box_shadow=\u00bbnone\u00bb image_loading=\u00bbdefault\u00bb max_width=\u00bb75%\u00bb max_width_mobile=\u00bbdefault\u00bb][vc_column_text]\n<div class=\"phone\"><a href=\"mailto:andrea.lopez@stmarycs.net\"><span class=\"localMail\">andrea.lopez@stmarycs.net<\/span><\/a><\/div>\n[\/vc_column_text][\/vc_column_inner][vc_column_inner column_padding=\u00bbno-extra-padding\u00bb column_padding_tablet=\u00bbinherit\u00bb column_padding_phone=\u00bbinherit\u00bb column_padding_position=\u00bball\u00bb column_element_spacing=\u00bbdefault\u00bb background_color_opacity=\u00bb1&#8243; background_hover_color_opacity=\u00bb1&#8243; column_shadow=\u00bbnone\u00bb column_border_radius=\u00bbnone\u00bb column_link_target=\u00bb_self\u00bb gradient_direction=\u00bbleft_to_right\u00bb overlay_strength=\u00bb0.3&#8243; width=\u00bb2\/3&#8243; tablet_width_inherit=\u00bbdefault\u00bb animation_type=\u00bbdefault\u00bb bg_image_animation=\u00bbnone\u00bb border_type=\u00bbsimple\u00bb column_border_width=\u00bbnone\u00bb column_border_style=\u00bbsolid\u00bb][vc_column_text]\n<h3>Andrea Lopez<\/h3>\n[\/vc_column_text][vc_column_text]La Sra. L\u00f3pez tiene una Licenciatura en Estudios Liberales de la Universidad Estatal de California en Los \u00c1ngeles y una Maestr\u00eda en Educaci\u00f3n de la Universidad Azusa Pacific. Adem\u00e1s, est\u00e1 trabajando para completar su capacitaci\u00f3n como Especialista Cl\u00ednica Certificada en Trastornos del Espectro Autista a trav\u00e9s de PESI, Inc., y es parte de LEAD (Desarrollo de Educadores y Administradores Latinos) a trav\u00e9s de la Universidad de Notre Dame. Ha estado en educaci\u00f3n durante 23 a\u00f1os y ha comenzado su tercer a\u00f1o en educaci\u00f3n cat\u00f3lica, todos los cuales han sido en St. Mary.<\/p>\n<p>En su tiempo libre, a la Sra. L\u00f3pez le gusta pasar tiempo con la familia, leer, andar en todoterreno y viajar.[\/vc_column_text][\/vc_column_inner][\/vc_row_inner][divider line_type=\u00bbNo Line\u00bb custom_height=\u00bb80px\u00bb][\/vc_column][\/vc_row]\n","protected":false},"excerpt":{"rendered":"<p>[vc_row type=\u00bbin_container\u00bb full_screen_row_position=\u00bbmiddle\u00bb column_margin=\u00bbdefault\u00bb column_direction=\u00bbdefault\u00bb column_direction_tablet=\u00bbdefault\u00bb column_direction_phone=\u00bbdefault\u00bb scene_position=\u00bbcenter\u00bb text_color=\u00bbdark\u00bb text_align=\u00bbleft\u00bb row_border_radius=\u00bbnone\u00bb row_border_radius_applies=\u00bbbg\u00bb overflow=\u00bbvisible\u00bb advanced_gradient_angle=\u00bb0&#8243; overlay_strength=\u00bb0.3&#8243; gradient_direction=\u00bbleft_to_right\u00bb enable_shape_divider=\u00bbtrue\u00bb shape_divider_color=\u00bb#020f62&#8243; shape_divider_position=\u00bbboth\u00bb shape_divider_height=\u00bb125&#8243; shape_divider_bring_to_front=\u00bbtrue\u00bb bg_image_animation=\u00bbnone\u00bb shape_type=\u00bbwaves_opacity\u00bb gradient_type=\u00bbdefault\u00bb][vc_column column_padding=\u00bbno-extra-padding\u00bb column_padding_tablet=\u00bbinherit\u00bb column_padding_phone=\u00bbinherit\u00bb column_padding_position=\u00bball\u00bb column_element_spacing=\u00bbdefault\u00bb background_color_opacity=\u00bb1&#8243;&#8230;<\/p>\n","protected":false},"author":27,"featured_media":0,"parent":1933,"menu_order":0,"comment_status":"closed","ping_status":"closed","template":"","meta":{"footnotes":""},"class_list":["post-2095","page","type-page","status-publish"],"_links":{"self":[{"href":"https:\/\/stmarycs.net\/es\/wp-json\/wp\/v2\/pages\/2095","targetHints":{"allow":["GET"]}}],"collection":[{"href":"https:\/\/stmarycs.net\/es\/wp-json\/wp\/v2\/pages"}],"about":[{"href":"https:\/\/stmarycs.net\/es\/wp-json\/wp\/v2\/types\/page"}],"author":[{"embeddable":true,"href":"https:\/\/stmarycs.net\/es\/wp-json\/wp\/v2\/users\/27"}],"replies":[{"embeddable":true,"href":"https:\/\/stmarycs.net\/es\/wp-json\/wp\/v2\/comments?post=2095"}],"version-history":[{"count":0,"href":"https:\/\/stmarycs.net\/es\/wp-json\/wp\/v2\/pages\/2095\/revisions"}],"up":[{"embeddable":true,"href":"https:\/\/stmarycs.net\/es\/wp-json\/wp\/v2\/pages\/1933"}],"wp:attachment":[{"href":"https:\/\/stmarycs.net\/es\/wp-json\/wp\/v2\/media?parent=2095"}],"curies":[{"name":"wp","href":"https:\/\/api.w.org\/{rel}","templated":true}]}}