{"id":2042,"date":"2023-06-21T15:37:50","date_gmt":"2023-06-21T21:37:50","guid":{"rendered":"https:\/\/stmarycs.net\/preguntas-mas-frecuentes-de-preescolar\/"},"modified":"2025-01-22T15:01:49","modified_gmt":"2025-01-22T22:01:49","slug":"preguntas-mas-frecuentes-de-preescolar","status":"publish","type":"page","link":"https:\/\/stmarycs.net\/es\/preguntas-mas-frecuentes-de-preescolar\/","title":{"rendered":"Preguntas m\u00e1s frecuentes de preescolar"},"content":{"rendered":"[vc_row type=\u00bbfull_width_background\u00bb full_screen_row_position=\u00bbmiddle\u00bb column_margin=\u00bbdefault\u00bb column_direction=\u00bbdefault\u00bb column_direction_tablet=\u00bbdefault\u00bb column_direction_phone=\u00bbdefault\u00bb scene_position=\u00bbcenter\u00bb top_padding=\u00bb15%\u00bb bottom_padding=\u00bb12%\u00bb text_color=\u00bblight\u00bb text_align=\u00bbleft\u00bb row_border_radius=\u00bbnone\u00bb row_border_radius_applies=\u00bbbg\u00bb overflow=\u00bbvisible\u00bb enable_gradient=\u00bbtrue\u00bb color_overlay=\u00bb#020f62&#8243; color_overlay_2=\u00bb#454860&#8243; advanced_gradient_angle=\u00bb0&#8243; overlay_strength=\u00bb0.8&#8243; gradient_direction=\u00bbleft_t_to_right_b\u00bb enable_shape_divider=\u00bbtrue\u00bb shape_divider_color=\u00bb#ffffff\u00bb shape_divider_position=\u00bbbottom\u00bb shape_divider_height=\u00bb150&#8243; shape_divider_bring_to_front=\u00bbtrue\u00bb bg_image_animation=\u00bbnone\u00bb shape_type=\u00bbwaves_opacity\u00bb gradient_type=\u00bbdefault\u00bb][vc_column column_padding=\u00bbno-extra-padding\u00bb column_padding_tablet=\u00bbinherit\u00bb column_padding_phone=\u00bbinherit\u00bb column_padding_position=\u00bball\u00bb column_element_spacing=\u00bbdefault\u00bb background_color_opacity=\u00bb1&#8243; background_hover_color_opacity=\u00bb1&#8243; column_shadow=\u00bbnone\u00bb column_border_radius=\u00bbnone\u00bb column_link_target=\u00bb_self\u00bb column_position=\u00bbdefault\u00bb gradient_direction=\u00bbleft_to_right\u00bb overlay_strength=\u00bb0.3&#8243; width=\u00bb1\/1&#8243; tablet_width_inherit=\u00bbdefault\u00bb tablet_text_alignment=\u00bbdefault\u00bb phone_text_alignment=\u00bbdefault\u00bb animation_type=\u00bbdefault\u00bb bg_image_animation=\u00bbnone\u00bb border_type=\u00bbsimple\u00bb column_border_width=\u00bbnone\u00bb column_border_style=\u00bbsolid\u00bb][vc_column_text]\n<h1 style=\"text-align: center;\">Preguntas m\u00e1s frecuentes<\/h1>\n<h4 style=\"text-align: center;\">Preescolar<\/h4>\n[\/vc_column_text][\/vc_column][\/vc_row][vc_row type=\u00bbfull_width_background\u00bb full_screen_row_position=\u00bbmiddle\u00bb column_margin=\u00bbdefault\u00bb column_direction=\u00bbdefault\u00bb column_direction_tablet=\u00bbdefault\u00bb column_direction_phone=\u00bbdefault\u00bb scene_position=\u00bbcenter\u00bb top_padding=\u00bb4%\u00bb bottom_padding=\u00bb6%\u00bb text_color=\u00bbdark\u00bb text_align=\u00bbleft\u00bb row_border_radius=\u00bbnone\u00bb row_border_radius_applies=\u00bbbg\u00bb overflow=\u00bbvisible\u00bb advanced_gradient_angle=\u00bb0&#8243; overlay_strength=\u00bb0.3&#8243; gradient_direction=\u00bbleft_to_right\u00bb shape_divider_position=\u00bbbottom\u00bb bg_image_animation=\u00bbnone\u00bb gradient_type=\u00bbdefault\u00bb shape_type=\u00bb\u00bb][vc_column column_padding=\u00bbno-extra-padding\u00bb column_padding_tablet=\u00bbinherit\u00bb column_padding_phone=\u00bbinherit\u00bb column_padding_position=\u00bball\u00bb column_element_spacing=\u00bbdefault\u00bb background_color_opacity=\u00bb1&#8243; background_hover_color_opacity=\u00bb1&#8243; column_shadow=\u00bbnone\u00bb column_border_radius=\u00bbnone\u00bb column_link_target=\u00bb_self\u00bb column_position=\u00bbdefault\u00bb gradient_direction=\u00bbleft_to_right\u00bb overlay_strength=\u00bb0.3&#8243; width=\u00bb1\/1&#8243; tablet_width_inherit=\u00bbdefault\u00bb tablet_text_alignment=\u00bbdefault\u00bb phone_text_alignment=\u00bbdefault\u00bb animation_type=\u00bbdefault\u00bb bg_image_animation=\u00bbnone\u00bb border_type=\u00bbsimple\u00bb column_border_width=\u00bbnone\u00bb column_border_style=\u00bbsolid\u00bb][toggles style=\u00bbminimal\u00bb][toggle color=\u00bbDefault\u00bb heading_tag=\u00bbdefault\u00bb title=\u00bb\u00bfCu\u00e1les son los horarios escolares?\u00bb][vc_column_text]El d\u00eda escolar comienza a las 8:15 am pero el final del d\u00eda escolar var\u00eda dependiendo de la clase preescolar espec\u00edfica. El preescolar de medio d\u00eda termina a las 11:30 am, mientras que el preescolar de d\u00eda completo termina a las 3:30 pm. Nuestra guarder\u00eda de la ma\u00f1ana est\u00e1 disponible de 7:00 a 8:00 am y la guarder\u00eda de la tarde est\u00e1 disponible de 3:30 a 5:30 pm.[\/vc_column_text][\/toggle][toggle color=\u00bbDefault\u00bb heading_tag=\u00bbdefault\u00bb title=\u00bb\u00bfCu\u00e1ntos estudiantes hay en el Preescolar de la Escuela Cat\u00f3lica St. Mary?\u00bb][vc_column_text]En el programa de preescolar est\u00e1n matriculados aproximadamente 40 estudiantes.[\/vc_column_text][\/toggle][toggle color=\u00bbDefault\u00bb heading_tag=\u00bbdefault\u00bb title=\u00bb\u00bfLos estudiantes de preescolar tienen que usar uniformes?\u00bb][vc_column_text]No, los uniformes son solo para estudiantes de K-8.[\/vc_column_text][\/toggle][toggle color=\u00bbDefault\u00bb heading_tag=\u00bbdefault\u00bb title=\u00bb\u00bfSe ofrece un programa de lonche caliente?\u00bb][vc_column_text]Se ofrece un programa de lonche caliente a los estudiantes a trav\u00e9s de los servicios del Distrito 6. Los lonches se pueden comprar mensualmente. El men\u00fa del lonche mensual se env\u00eda directamente a las familias actuales.<\/p>\n<p>Sin embargo, este servicio solo est\u00e1 disponible para los preescolares inscritos en el preescolar de d\u00eda completo, ya que son los \u00fanicos que se quedan a comer lonche.[\/vc_column_text][\/toggle][toggle color=\u00bbDefault\u00bb heading_tag=\u00bbdefault\u00bb title=\u00bb\u00bfSt. Mary proporciona transporte?\u00bb][vc_column_text]No, los padres son responsables del transporte de sus hijos hacia y desde la escuela. Nuestras familias a menudo se unen a los viajes compartidos para compartir la responsabilidad de ir y venir de la escuela durante la semana cuando vienen de lejos. Sin embargo, sugerimos que las familias de Fort Lupton se comuniquen con la Iglesia Cat\u00f3lica St. William con respecto a la ruta del autob\u00fas escolar.[\/vc_column_text][\/toggle][toggle color=\u00bbDefault\u00bb heading_tag=\u00bbdefault\u00bb title=\u00bb\u00bfC\u00f3mo informo a la escuela si mi hijo est\u00e1 enfermo?\u00bb][vc_column_text]Llame a la oficina de la escuela al <a href=\"tel:+9703538100\">970-353-8100<\/a> o env\u00edenos un correo electr\u00f3nico a <a href=\"mailto:admin.assistant@stmarycs.net\">admin.assistant@stmarycs.net<\/a> antes de las 9:00 AM y deje un mensaje con su nombre, el nombre de su hijo, el nombre del maestro y la raz\u00f3n de la ausencia.[\/vc_column_text][\/toggle][toggle color=\u00bbDefault\u00bb heading_tag=\u00bbdefault\u00bb title=\u00bb\u00bfNecesitamos ser cat\u00f3licos para asistir a la Escuela Cat\u00f3lica de St. Mary?\u00bb][vc_column_text]\n<p class=\"p1\">St. Mary da la bienvenida a estudiantes de todos los or\u00edgenes, tanto de crecimiento religioso como no religioso.<\/p>\n[\/vc_column_text][\/toggle][toggle color=\u00bbDefault\u00bb heading_tag=\u00bbdefault\u00bb title=\u00bb\u00bfHay asistencia de matr\u00edcula disponible para preescolar?\u00bb][vc_column_text]\n<p class=\"p1\">No, lamentablemente los estudiantes de preescolar no califican para la asistencia de matr\u00edcula. Un hermano mayor inscrito en K-8 puede recibir asistencia para la matr\u00edcula, pero no los estudiantes de preescolar.<\/p>\n[\/vc_column_text][\/toggle][toggle color=\u00bbDefault\u00bb heading_tag=\u00bbdefault\u00bb title=\u00bb\u00bfCu\u00e1l es la pauta de cumplea\u00f1os para los ni\u00f1os que ingresan al preescolar?\u00bb][vc_column_text]\n<p class=\"p1\">Un ni\u00f1o que tenga 3 a\u00f1os el 1 de octubre o antes puede ingresar a la clase PK3 solamente.<\/p>\n<p class=\"p1\">Un ni\u00f1o que tenga 4 a\u00f1os (o m\u00e1s) el 1 de octubre o antes puede ingresar a cualquier clase de preescolar.<\/p>\n[\/vc_column_text][\/toggle][toggle color=\u00bbDefault\u00bb heading_tag=\u00bbdefault\u00bb title=\u00bb\u00bfMi hijo debe estar entrenado para ir al ba\u00f1o?\u00bb][vc_column_text]\n<p class=\"p1\">Si. Los ni\u00f1os de 3 a\u00f1os deben aprender a ir al ba\u00f1o antes del 1 de octubre. Los ni\u00f1os mayores deben estar completamente entrenados para ir al ba\u00f1o antes del primer d\u00eda de clases. Entendemos que los accidentes ocurren, por lo que les pedimos a los padres que empaquen un juego completo de ropa y ropa interior adicionales.<\/p>\n[\/vc_column_text][\/toggle][toggle color=\u00bbDefault\u00bb heading_tag=\u00bbdefault\u00bb title=\u00bb\u00bfEl preescolar asiste a Misa?\u00bb][vc_column_text]\n<p class=\"p1\">Si. El preescolar asiste a la Misa escolar una vez al mes.<\/p>\n[\/vc_column_text][\/toggle][toggle color=\u00bbDefault\u00bb heading_tag=\u00bbdefault\u00bb title=\u00bb\u00bfNecesito proporcionar \u00fatiles escolares?\u00bb][vc_column_text]\n<p class=\"p1\">Si. Hay una lista de \u00fatiles escolares preescolares para que cada ni\u00f1o traiga el primer d\u00eda de clases.<\/p>\n[\/vc_column_text][\/toggle][toggle color=\u00bbDefault\u00bb heading_tag=\u00bbdefault\u00bb title=\u00bb\u00bfQu\u00e9 tan grandes son cada una de las clases?\u00bb][vc_column_text]\n<p class=\"p1\">El tama\u00f1o de las clases est\u00e1 limitado a 10 estudiantes en las clases PK3 y PK, y a 20 en las clases 5+ de medio d\u00eda y 5+ de d\u00eda completo combinadas.<\/p>\n[\/vc_column_text][\/toggle][toggle color=\u00bbDefault\u00bb heading_tag=\u00bbdefault\u00bb title=\u00bb\u00bfHay hora de la siesta?\u00bb][vc_column_text]\n<p class=\"p1\">Solo para la clase de 5+ de d\u00eda completo.<\/p>\n[\/vc_column_text][\/toggle][\/toggles][\/vc_column][\/vc_row]\n","protected":false},"excerpt":{"rendered":"<p>[vc_row type=\u00bbfull_width_background\u00bb full_screen_row_position=\u00bbmiddle\u00bb column_margin=\u00bbdefault\u00bb column_direction=\u00bbdefault\u00bb column_direction_tablet=\u00bbdefault\u00bb column_direction_phone=\u00bbdefault\u00bb scene_position=\u00bbcenter\u00bb top_padding=\u00bb15%\u00bb bottom_padding=\u00bb12%\u00bb text_color=\u00bblight\u00bb text_align=\u00bbleft\u00bb row_border_radius=\u00bbnone\u00bb row_border_radius_applies=\u00bbbg\u00bb overflow=\u00bbvisible\u00bb enable_gradient=\u00bbtrue\u00bb color_overlay=\u00bb#020f62&#8243; color_overlay_2=\u00bb#454860&#8243; advanced_gradient_angle=\u00bb0&#8243; overlay_strength=\u00bb0.8&#8243; gradient_direction=\u00bbleft_t_to_right_b\u00bb enable_shape_divider=\u00bbtrue\u00bb shape_divider_color=\u00bb#ffffff\u00bb shape_divider_position=\u00bbbottom\u00bb shape_divider_height=\u00bb150&#8243; shape_divider_bring_to_front=\u00bbtrue\u00bb bg_image_animation=\u00bbnone\u00bb shape_type=\u00bbwaves_opacity\u00bb gradient_type=\u00bbdefault\u00bb][vc_column column_padding=\u00bbno-extra-padding\u00bb&#8230;<\/p>\n","protected":false},"author":3,"featured_media":0,"parent":0,"menu_order":0,"comment_status":"closed","ping_status":"closed","template":"","meta":{"footnotes":""},"class_list":["post-2042","page","type-page","status-publish"],"_links":{"self":[{"href":"https:\/\/stmarycs.net\/es\/wp-json\/wp\/v2\/pages\/2042","targetHints":{"allow":["GET"]}}],"collection":[{"href":"https:\/\/stmarycs.net\/es\/wp-json\/wp\/v2\/pages"}],"about":[{"href":"https:\/\/stmarycs.net\/es\/wp-json\/wp\/v2\/types\/page"}],"author":[{"embeddable":true,"href":"https:\/\/stmarycs.net\/es\/wp-json\/wp\/v2\/users\/3"}],"replies":[{"embeddable":true,"href":"https:\/\/stmarycs.net\/es\/wp-json\/wp\/v2\/comments?post=2042"}],"version-history":[{"count":0,"href":"https:\/\/stmarycs.net\/es\/wp-json\/wp\/v2\/pages\/2042\/revisions"}],"wp:attachment":[{"href":"https:\/\/stmarycs.net\/es\/wp-json\/wp\/v2\/media?parent=2042"}],"curies":[{"name":"wp","href":"https:\/\/api.w.org\/{rel}","templated":true}]}}