{"id":2039,"date":"2023-05-25T21:38:46","date_gmt":"2023-05-26T03:38:46","guid":{"rendered":"https:\/\/stmarycs.net\/programas-preescolare\/"},"modified":"2025-12-03T12:48:38","modified_gmt":"2025-12-03T19:48:38","slug":"programas-preescolares","status":"publish","type":"page","link":"https:\/\/stmarycs.net\/es\/programas-preescolares\/","title":{"rendered":"Programas Preescolares"},"content":{"rendered":"[vc_row type=\u00bbfull_width_background\u00bb full_screen_row_position=\u00bbmiddle\u00bb column_margin=\u00bbdefault\u00bb column_direction=\u00bbdefault\u00bb column_direction_tablet=\u00bbdefault\u00bb column_direction_phone=\u00bbdefault\u00bb scene_position=\u00bbcenter\u00bb top_padding=\u00bb15%\u00bb bottom_padding=\u00bb12%\u00bb text_color=\u00bblight\u00bb text_align=\u00bbleft\u00bb row_border_radius=\u00bbnone\u00bb row_border_radius_applies=\u00bbbg\u00bb overflow=\u00bbvisible\u00bb enable_gradient=\u00bbtrue\u00bb color_overlay=\u00bb#020f62&#8243; color_overlay_2=\u00bb#454860&#8243; advanced_gradient_angle=\u00bb0&#8243; overlay_strength=\u00bb0.8&#8243; gradient_direction=\u00bbleft_t_to_right_b\u00bb enable_shape_divider=\u00bbtrue\u00bb shape_divider_color=\u00bb#ffffff\u00bb shape_divider_position=\u00bbbottom\u00bb shape_divider_height=\u00bb150&#8243; shape_divider_bring_to_front=\u00bbtrue\u00bb bg_image_animation=\u00bbnone\u00bb shape_type=\u00bbwaves_opacity\u00bb gradient_type=\u00bbdefault\u00bb][vc_column column_padding=\u00bbno-extra-padding\u00bb column_padding_tablet=\u00bbinherit\u00bb column_padding_phone=\u00bbinherit\u00bb column_padding_position=\u00bball\u00bb column_element_spacing=\u00bbdefault\u00bb background_color_opacity=\u00bb1&#8243; background_hover_color_opacity=\u00bb1&#8243; column_shadow=\u00bbnone\u00bb column_border_radius=\u00bbnone\u00bb column_link_target=\u00bb_self\u00bb column_position=\u00bbdefault\u00bb gradient_direction=\u00bbleft_to_right\u00bb overlay_strength=\u00bb0.3&#8243; width=\u00bb1\/1&#8243; tablet_width_inherit=\u00bbdefault\u00bb tablet_text_alignment=\u00bbdefault\u00bb phone_text_alignment=\u00bbdefault\u00bb animation_type=\u00bbdefault\u00bb bg_image_animation=\u00bbnone\u00bb border_type=\u00bbsimple\u00bb column_border_width=\u00bbnone\u00bb column_border_style=\u00bbsolid\u00bb][vc_column_text]\n<h1 style=\"text-align: center;\">Programas Preescolares<\/h1>\n[\/vc_column_text][\/vc_column][\/vc_row][vc_row type=\u00bbin_container\u00bb full_screen_row_position=\u00bbmiddle\u00bb column_margin=\u00bbdefault\u00bb column_direction=\u00bbdefault\u00bb column_direction_tablet=\u00bbdefault\u00bb column_direction_phone=\u00bbdefault\u00bb scene_position=\u00bbcenter\u00bb text_color=\u00bbdark\u00bb text_align=\u00bbleft\u00bb row_border_radius=\u00bbnone\u00bb row_border_radius_applies=\u00bbbg\u00bb overflow=\u00bbvisible\u00bb overlay_strength=\u00bb0.3&#8243; gradient_direction=\u00bbleft_to_right\u00bb shape_divider_position=\u00bbbottom\u00bb bg_image_animation=\u00bbnone\u00bb][vc_column column_padding=\u00bbno-extra-padding\u00bb column_padding_tablet=\u00bbinherit\u00bb column_padding_phone=\u00bbinherit\u00bb column_padding_position=\u00bball\u00bb column_element_spacing=\u00bbdefault\u00bb background_color_opacity=\u00bb1&#8243; background_hover_color_opacity=\u00bb1&#8243; column_shadow=\u00bbnone\u00bb column_border_radius=\u00bbnone\u00bb column_link_target=\u00bb_self\u00bb column_position=\u00bbdefault\u00bb gradient_direction=\u00bbleft_to_right\u00bb overlay_strength=\u00bb0.3&#8243; width=\u00bb1\/1&#8243; tablet_width_inherit=\u00bbdefault\u00bb tablet_text_alignment=\u00bbdefault\u00bb phone_text_alignment=\u00bbdefault\u00bb animation_type=\u00bbdefault\u00bb bg_image_animation=\u00bbnone\u00bb border_type=\u00bbsimple\u00bb column_border_width=\u00bbnone\u00bb column_border_style=\u00bbsolid\u00bb][divider line_type=\u00bbNo Line\u00bb][vc_column_text]\n<p style=\"text-align: center;\"><strong>Los primeros a\u00f1os de escuela son un momento muy especial e importante en la vida de un ni\u00f1o. Br\u00edndele a su hijo una incre\u00edble ventaja hacia el futuro a trav\u00e9s de la maravillosa experiencia preescolar de St. Mary. Desde el momento de dejar a su hijo hasta el de recogerlo, el d\u00eda de su hijo est\u00e1 lleno de diversi\u00f3n en \u00e1reas de aprendizaje dise\u00f1adas espec\u00edficamente para ni\u00f1os de tres a cinco a\u00f1os. Te sorprender\u00e1 ver cu\u00e1nto aprender\u00e1 tu hijo a tan temprana edad.<\/strong><\/p>\n<p style=\"text-align: center;\"><strong>\u00a1Los ni\u00f1os en edad preescolar se divierten mucho mientras aprenden los conceptos b\u00e1sicos (lectura, escritura, n\u00fameros y m\u00e1s) de formas coloridas y cautivadoras! Bajo el cuidado de maestros amorosos, estos peque\u00f1os est\u00e1n colocando las bases para una base s\u00f3lida que impulsa a cada uno a cumplir el plan de Dios para sus vidas.<\/strong><\/p>\n[\/vc_column_text][\/vc_column][\/vc_row][vc_row type=\u00bbfull_width_background\u00bb full_screen_row_position=\u00bbmiddle\u00bb column_margin=\u00bb60px\u00bb equal_height=\u00bbyes\u00bb column_direction=\u00bbdefault\u00bb column_direction_tablet=\u00bbdefault\u00bb column_direction_phone=\u00bbdefault\u00bb scene_position=\u00bbcenter\u00bb top_padding=\u00bb4%\u00bb bottom_padding=\u00bb6%\u00bb text_color=\u00bbdark\u00bb text_align=\u00bbleft\u00bb row_border_radius=\u00bbnone\u00bb row_border_radius_applies=\u00bbbg\u00bb overflow=\u00bbvisible\u00bb advanced_gradient_angle=\u00bb0&#8243; overlay_strength=\u00bb0.3&#8243; gradient_direction=\u00bbleft_to_right\u00bb shape_divider_position=\u00bbbottom\u00bb bg_image_animation=\u00bbnone\u00bb gradient_type=\u00bbdefault\u00bb shape_type=\u00bb\u00bb][vc_column column_padding=\u00bbno-extra-padding\u00bb column_padding_tablet=\u00bbinherit\u00bb column_padding_phone=\u00bbinherit\u00bb column_padding_position=\u00bball\u00bb column_element_spacing=\u00bbdefault\u00bb background_color_opacity=\u00bb1&#8243; background_hover_color_opacity=\u00bb1&#8243; background_image=\u00bb1587&#8243; background_image_position=\u00bbcenter center\u00bb enable_bg_scale=\u00bbtrue\u00bb background_image_loading=\u00bbdefault\u00bb column_shadow=\u00bbnone\u00bb column_border_radius=\u00bb15px\u00bb column_link_target=\u00bb_self\u00bb column_position=\u00bbdefault\u00bb advanced_gradient_angle=\u00bb0&#8243; gradient_direction=\u00bbleft_to_right\u00bb overlay_strength=\u00bb0.3&#8243; width=\u00bb1\/2&#8243; tablet_width_inherit=\u00bbdefault\u00bb tablet_text_alignment=\u00bbdefault\u00bb phone_text_alignment=\u00bbdefault\u00bb animation_type=\u00bbdefault\u00bb bg_image_animation=\u00bbnone\u00bb border_type=\u00bbsimple\u00bb column_border_width=\u00bbnone\u00bb gradient_type=\u00bbdefault\u00bb][\/vc_column][vc_column column_padding=\u00bbno-extra-padding\u00bb column_padding_tablet=\u00bbinherit\u00bb column_padding_phone=\u00bbinherit\u00bb column_padding_position=\u00bball\u00bb column_element_spacing=\u00bbdefault\u00bb background_color_opacity=\u00bb1&#8243; background_hover_color_opacity=\u00bb1&#8243; column_shadow=\u00bbnone\u00bb column_border_radius=\u00bbnone\u00bb column_link_target=\u00bb_self\u00bb column_position=\u00bbdefault\u00bb gradient_direction=\u00bbleft_to_right\u00bb overlay_strength=\u00bb0.3&#8243; width=\u00bb1\/2&#8243; tablet_width_inherit=\u00bbdefault\u00bb tablet_text_alignment=\u00bbdefault\u00bb phone_text_alignment=\u00bbdefault\u00bb animation_type=\u00bbdefault\u00bb bg_image_animation=\u00bbnone\u00bb border_type=\u00bbsimple\u00bb column_border_width=\u00bbnone\u00bb column_border_style=\u00bbsolid\u00bb][vc_column_text]\n<header>\n<h3 class=\"moduleTitle\">PK3 \u2013 preescolar de 3 a\u00f1os<\/h3>\n<\/header>\n<div class=\"moduleBody\">\n<p><strong>Martes y jueves<\/strong><br \/>\n<strong>8:00 am a 11:30 am<\/strong><\/p>\n<p>Este programa est\u00e1 dise\u00f1ado para fomentar las interacciones sociales que son positivas y respetuosas. Las habilidades de construcci\u00f3n social del ni\u00f1o de 3 a\u00f1os se desarrollan con Jes\u00fas como nuestro modelo. El tama\u00f1o de nuestra clase est\u00e1 configurado de tal manera que los ni\u00f1os est\u00e1n expuestos a grupos grandes y peque\u00f1os grupos de aprendizaje. Esto les ayuda a ser m\u00e1s independientes y seguros de s\u00ed mismos. Tambi\u00e9n hacen tiempo de Jes\u00fas y les gusta representar historias que escuchan de la Biblia. Tambi\u00e9n ofrecemos habilidades tempranas de matem\u00e1ticas, lectura y escritura en nuestros peque\u00f1os grupos de aprendizaje. Los estudiantes comienzan a aprender nuestras oraciones cat\u00f3licas. <em>Los ni\u00f1os deben tener 3 a\u00f1os y estar entrenados para ir al ba\u00f1o antes del 1 de octubre.<\/em><\/p>\n<\/div>\n[\/vc_column_text][nectar_btn size=\u00bblarge\u00bb button_style=\u00bbregular\u00bb button_color_2=\u00bbAccent-Color\u00bb icon_family=\u00bbnone\u00bb text=\u00bbPlan de estudios PK3&#8243; url=\u00bb\/pk3-curriculum\u00bb][\/vc_column][\/vc_row][vc_row type=\u00bbfull_width_background\u00bb full_screen_row_position=\u00bbmiddle\u00bb column_margin=\u00bb60px\u00bb equal_height=\u00bbyes\u00bb column_direction=\u00bbdefault\u00bb column_direction_tablet=\u00bbdefault\u00bb column_direction_phone=\u00bbdefault\u00bb scene_position=\u00bbcenter\u00bb top_padding=\u00bb4%\u00bb bottom_padding=\u00bb6%\u00bb text_color=\u00bbdark\u00bb text_align=\u00bbleft\u00bb row_border_radius=\u00bbnone\u00bb row_border_radius_applies=\u00bbbg\u00bb overflow=\u00bbvisible\u00bb advanced_gradient_angle=\u00bb0&#8243; overlay_strength=\u00bb0.3&#8243; gradient_direction=\u00bbleft_to_right\u00bb shape_divider_position=\u00bbbottom\u00bb bg_image_animation=\u00bbnone\u00bb gradient_type=\u00bbdefault\u00bb shape_type=\u00bb\u00bb][vc_column column_padding=\u00bbno-extra-padding\u00bb column_padding_tablet=\u00bbinherit\u00bb column_padding_phone=\u00bbinherit\u00bb column_padding_position=\u00bball\u00bb column_element_spacing=\u00bbdefault\u00bb background_color_opacity=\u00bb1&#8243; background_hover_color_opacity=\u00bb1&#8243; column_shadow=\u00bbnone\u00bb column_border_radius=\u00bbnone\u00bb column_link_target=\u00bb_self\u00bb column_position=\u00bbdefault\u00bb advanced_gradient_angle=\u00bb0&#8243; gradient_direction=\u00bbleft_to_right\u00bb overlay_strength=\u00bb0.3&#8243; width=\u00bb1\/2&#8243; tablet_width_inherit=\u00bbdefault\u00bb tablet_text_alignment=\u00bbdefault\u00bb phone_text_alignment=\u00bbdefault\u00bb animation_type=\u00bbdefault\u00bb bg_image_animation=\u00bbnone\u00bb border_type=\u00bbsimple\u00bb column_border_width=\u00bbnone\u00bb column_border_style=\u00bbsolid\u00bb gradient_type=\u00bbdefault\u00bb][vc_column_text]\n<header>\n<h3>PK \u2013 Preescolar de 4 a\u00f1os en adelante<\/h3>\n<p><strong>Lunes, mi\u00e9rcoles y viernes<\/strong><br \/>\n<strong>8:00 am a 11:30 am<\/strong><\/p>\n<p>Este programa est\u00e1 dise\u00f1ado para ayudar a su hijo a prepararse para el kinder. El objetivo de este programa es la conciencia fon\u00e9tica y, en \u00faltima instancia, el dominio del alfabeto. Tambi\u00e9n ofrecemos muchas experiencias en ciencias, matem\u00e1ticas, geograf\u00eda, estudios sociales y arte. El tiempo de Jes\u00fas es una parte especial de cada d\u00eda; hacemos una variedad de actividades pr\u00e1cticas as\u00ed como tambi\u00e9n aprendemos nuestras oraciones. Tambi\u00e9n se anima a los ni\u00f1os a hablar con Dios sobre sus sentimientos. <em>Los ni\u00f1os deben tener 4 a\u00f1os antes del 1 de octubre. Deben estar entrenados para ir al ba\u00f1o antes del primer d\u00eda de clases.<\/em><\/p>\n<\/header>\n[\/vc_column_text][nectar_btn size=\u00bblarge\u00bb button_style=\u00bbregular\u00bb button_color_2=\u00bbAccent-Color\u00bb icon_family=\u00bbnone\u00bb text=\u00bbPlan de estudios PK\u00bb url=\u00bb\/pk-curriculum\u00bb][\/vc_column][vc_column column_padding=\u00bbno-extra-padding\u00bb column_padding_tablet=\u00bbinherit\u00bb column_padding_phone=\u00bbinherit\u00bb column_padding_position=\u00bball\u00bb column_element_spacing=\u00bbdefault\u00bb background_color_opacity=\u00bb1&#8243; background_hover_color_opacity=\u00bb1&#8243; background_image=\u00bb1588&#8243; background_image_position=\u00bbcenter center\u00bb enable_bg_scale=\u00bbtrue\u00bb background_image_loading=\u00bbdefault\u00bb column_shadow=\u00bbnone\u00bb column_border_radius=\u00bb15px\u00bb column_link_target=\u00bb_self\u00bb column_position=\u00bbdefault\u00bb advanced_gradient_angle=\u00bb0&#8243; gradient_direction=\u00bbleft_to_right\u00bb overlay_strength=\u00bb0.3&#8243; width=\u00bb1\/2&#8243; tablet_width_inherit=\u00bbdefault\u00bb tablet_text_alignment=\u00bbdefault\u00bb phone_text_alignment=\u00bbdefault\u00bb animation_type=\u00bbdefault\u00bb bg_image_animation=\u00bbnone\u00bb border_type=\u00bbsimple\u00bb column_border_width=\u00bbnone\u00bb gradient_type=\u00bbdefault\u00bb][\/vc_column][\/vc_row][vc_row type=\u00bbfull_width_background\u00bb full_screen_row_position=\u00bbmiddle\u00bb column_margin=\u00bb60px\u00bb equal_height=\u00bbyes\u00bb column_direction=\u00bbdefault\u00bb column_direction_tablet=\u00bbdefault\u00bb column_direction_phone=\u00bbdefault\u00bb scene_position=\u00bbcenter\u00bb top_padding=\u00bb4%\u00bb bottom_padding=\u00bb6%\u00bb text_color=\u00bbdark\u00bb text_align=\u00bbleft\u00bb row_border_radius=\u00bbnone\u00bb row_border_radius_applies=\u00bbbg\u00bb overflow=\u00bbvisible\u00bb advanced_gradient_angle=\u00bb0&#8243; overlay_strength=\u00bb0.3&#8243; gradient_direction=\u00bbleft_to_right\u00bb shape_divider_position=\u00bbbottom\u00bb bg_image_animation=\u00bbnone\u00bb gradient_type=\u00bbdefault\u00bb shape_type=\u00bb\u00bb][vc_column column_padding=\u00bbno-extra-padding\u00bb column_padding_tablet=\u00bbinherit\u00bb column_padding_phone=\u00bbinherit\u00bb column_padding_position=\u00bball\u00bb column_element_spacing=\u00bbdefault\u00bb background_color_opacity=\u00bb1&#8243; background_hover_color_opacity=\u00bb1&#8243; background_image=\u00bb1589&#8243; background_image_position=\u00bbcenter center\u00bb enable_bg_scale=\u00bbtrue\u00bb background_image_loading=\u00bbdefault\u00bb column_shadow=\u00bbnone\u00bb column_border_radius=\u00bb15px\u00bb column_link_target=\u00bb_self\u00bb column_position=\u00bbdefault\u00bb advanced_gradient_angle=\u00bb0&#8243; gradient_direction=\u00bbleft_to_right\u00bb overlay_strength=\u00bb0.3&#8243; width=\u00bb1\/2&#8243; tablet_width_inherit=\u00bbdefault\u00bb tablet_text_alignment=\u00bbdefault\u00bb phone_text_alignment=\u00bbdefault\u00bb animation_type=\u00bbdefault\u00bb bg_image_animation=\u00bbnone\u00bb border_type=\u00bbsimple\u00bb column_border_width=\u00bbnone\u00bb gradient_type=\u00bbdefault\u00bb][\/vc_column][vc_column column_padding=\u00bbno-extra-padding\u00bb column_padding_tablet=\u00bbinherit\u00bb column_padding_phone=\u00bbinherit\u00bb column_padding_position=\u00bball\u00bb column_element_spacing=\u00bbdefault\u00bb background_color_opacity=\u00bb1&#8243; background_hover_color_opacity=\u00bb1&#8243; column_shadow=\u00bbnone\u00bb column_border_radius=\u00bbnone\u00bb column_link_target=\u00bb_self\u00bb column_position=\u00bbdefault\u00bb gradient_direction=\u00bbleft_to_right\u00bb overlay_strength=\u00bb0.3&#8243; width=\u00bb1\/2&#8243; tablet_width_inherit=\u00bbdefault\u00bb tablet_text_alignment=\u00bbdefault\u00bb phone_text_alignment=\u00bbdefault\u00bb animation_type=\u00bbdefault\u00bb bg_image_animation=\u00bbnone\u00bb border_type=\u00bbsimple\u00bb column_border_width=\u00bbnone\u00bb column_border_style=\u00bbsolid\u00bb][vc_column_text]\n<header>\n<h3>5+ medio d\u00eda o d\u00eda completo<\/h3>\n<p><strong>Lunes \u2013 Viernes 8:00 am a 11:30 am<\/strong><br \/>\n<strong>O<\/strong><br \/>\n<strong>Lunes \u2013 Viernes 8:00 am a 3:30 pm<\/strong><\/p>\n<p>El programa 5+ est\u00e1 dise\u00f1ado para brindarles a aquellos ni\u00f1os que no cumplieron con el l\u00edmite para el kinder o que simplemente a\u00fan no est\u00e1n listos, una experiencia diferente. Tambi\u00e9n es perfecto para padres de ni\u00f1os de 4 a 5 a\u00f1os que desean que sus hijos participen en un programa 5 d\u00edas a la semana para ayudarlos a prepararse para el kinder.<\/p>\n<p><em>Los ni\u00f1os deben tener 4 a\u00f1os antes del 1 de octubre. Deben estar entrenados para ir al ba\u00f1o antes del primer d\u00eda de clases.<\/em><\/p>\n<p>Todos los programas est\u00e1n orientados hacia la exploraci\u00f3n de todos los temas. Este programa tambi\u00e9n se enfoca en las habilidades de alfabetizaci\u00f3n temprana, matem\u00e1ticas, ciencias y la construcci\u00f3n de la fe cat\u00f3lica.<\/p>\n<\/header>\n[\/vc_column_text][nectar_btn size=\u00bblarge\u00bb button_style=\u00bbregular\u00bb button_color_2=\u00bbAccent-Color\u00bb icon_family=\u00bbnone\u00bb text=\u00bbPlan de estudios 5+\u00bb url=\u00bb\/5-plus-curriculum\u00bb][\/vc_column][\/vc_row]\n","protected":false},"excerpt":{"rendered":"<p>[vc_row type=\u00bbfull_width_background\u00bb full_screen_row_position=\u00bbmiddle\u00bb column_margin=\u00bbdefault\u00bb column_direction=\u00bbdefault\u00bb column_direction_tablet=\u00bbdefault\u00bb column_direction_phone=\u00bbdefault\u00bb scene_position=\u00bbcenter\u00bb top_padding=\u00bb15%\u00bb bottom_padding=\u00bb12%\u00bb text_color=\u00bblight\u00bb text_align=\u00bbleft\u00bb row_border_radius=\u00bbnone\u00bb row_border_radius_applies=\u00bbbg\u00bb overflow=\u00bbvisible\u00bb enable_gradient=\u00bbtrue\u00bb color_overlay=\u00bb#020f62&#8243; color_overlay_2=\u00bb#454860&#8243; advanced_gradient_angle=\u00bb0&#8243; overlay_strength=\u00bb0.8&#8243; gradient_direction=\u00bbleft_t_to_right_b\u00bb enable_shape_divider=\u00bbtrue\u00bb shape_divider_color=\u00bb#ffffff\u00bb shape_divider_position=\u00bbbottom\u00bb shape_divider_height=\u00bb150&#8243; shape_divider_bring_to_front=\u00bbtrue\u00bb bg_image_animation=\u00bbnone\u00bb shape_type=\u00bbwaves_opacity\u00bb gradient_type=\u00bbdefault\u00bb][vc_column column_padding=\u00bbno-extra-padding\u00bb&#8230;<\/p>\n","protected":false},"author":3,"featured_media":0,"parent":0,"menu_order":0,"comment_status":"closed","ping_status":"closed","template":"","meta":{"footnotes":""},"class_list":["post-2039","page","type-page","status-publish"],"_links":{"self":[{"href":"https:\/\/stmarycs.net\/es\/wp-json\/wp\/v2\/pages\/2039","targetHints":{"allow":["GET"]}}],"collection":[{"href":"https:\/\/stmarycs.net\/es\/wp-json\/wp\/v2\/pages"}],"about":[{"href":"https:\/\/stmarycs.net\/es\/wp-json\/wp\/v2\/types\/page"}],"author":[{"embeddable":true,"href":"https:\/\/stmarycs.net\/es\/wp-json\/wp\/v2\/users\/3"}],"replies":[{"embeddable":true,"href":"https:\/\/stmarycs.net\/es\/wp-json\/wp\/v2\/comments?post=2039"}],"version-history":[{"count":0,"href":"https:\/\/stmarycs.net\/es\/wp-json\/wp\/v2\/pages\/2039\/revisions"}],"wp:attachment":[{"href":"https:\/\/stmarycs.net\/es\/wp-json\/wp\/v2\/media?parent=2039"}],"curies":[{"name":"wp","href":"https:\/\/api.w.org\/{rel}","templated":true}]}}