{"id":2027,"date":"2021-03-11T11:45:21","date_gmt":"2021-03-11T18:45:21","guid":{"rendered":"https:\/\/stmarycs.net\/matricula-y-tarifas\/"},"modified":"2026-01-16T13:43:42","modified_gmt":"2026-01-16T20:43:42","slug":"matricula-y-tarifas","status":"publish","type":"page","link":"https:\/\/stmarycs.net\/es\/matricula-y-tarifas\/","title":{"rendered":"Matr\u00edcula y tarifas"},"content":{"rendered":"[vc_row type=\u00bbfull_width_background\u00bb full_screen_row_position=\u00bbmiddle\u00bb column_margin=\u00bbdefault\u00bb column_direction=\u00bbdefault\u00bb column_direction_tablet=\u00bbdefault\u00bb column_direction_phone=\u00bbdefault\u00bb bg_image=\u00bb1552&#8243; bg_position=\u00bbcenter center\u00bb background_image_loading=\u00bbdefault\u00bb bg_repeat=\u00bbno-repeat\u00bb scene_position=\u00bbcenter\u00bb top_padding=\u00bb15%\u00bb bottom_padding=\u00bb12%\u00bb text_color=\u00bblight\u00bb text_align=\u00bbleft\u00bb row_border_radius=\u00bbnone\u00bb row_border_radius_applies=\u00bbbg\u00bb overflow=\u00bbvisible\u00bb enable_gradient=\u00bbtrue\u00bb color_overlay=\u00bb#020f62&#8243; color_overlay_2=\u00bb#454860&#8243; advanced_gradient_angle=\u00bb0&#8243; overlay_strength=\u00bb0.8&#8243; gradient_direction=\u00bbleft_t_to_right_b\u00bb enable_shape_divider=\u00bbtrue\u00bb shape_divider_color=\u00bb#ffffff\u00bb shape_divider_position=\u00bbbottom\u00bb shape_divider_height=\u00bb150&#8243; shape_divider_bring_to_front=\u00bbtrue\u00bb bg_image_animation=\u00bbnone\u00bb shape_type=\u00bbwaves_opacity\u00bb gradient_type=\u00bbdefault\u00bb][vc_column column_padding=\u00bbno-extra-padding\u00bb column_padding_tablet=\u00bbinherit\u00bb column_padding_phone=\u00bbinherit\u00bb column_padding_position=\u00bball\u00bb column_element_spacing=\u00bbdefault\u00bb background_color_opacity=\u00bb1&#8243; background_hover_color_opacity=\u00bb1&#8243; column_shadow=\u00bbnone\u00bb column_border_radius=\u00bbnone\u00bb column_link_target=\u00bb_self\u00bb column_position=\u00bbdefault\u00bb gradient_direction=\u00bbleft_to_right\u00bb overlay_strength=\u00bb0.3&#8243; width=\u00bb1\/1&#8243; tablet_width_inherit=\u00bbdefault\u00bb tablet_text_alignment=\u00bbdefault\u00bb phone_text_alignment=\u00bbdefault\u00bb animation_type=\u00bbdefault\u00bb bg_image_animation=\u00bbnone\u00bb border_type=\u00bbsimple\u00bb column_border_width=\u00bbnone\u00bb column_border_style=\u00bbsolid\u00bb][vc_column_text]\n<h1 style=\"text-align: center;\">Matr\u00edcula y tarifas<\/h1>\n[\/vc_column_text][\/vc_column][\/vc_row][vc_row type=\u00bbin_container\u00bb full_screen_row_position=\u00bbmiddle\u00bb column_margin=\u00bbdefault\u00bb column_direction=\u00bbdefault\u00bb column_direction_tablet=\u00bbdefault\u00bb column_direction_phone=\u00bbdefault\u00bb scene_position=\u00bbcenter\u00bb top_padding=\u00bb4%\u00bb bottom_padding=\u00bb6%\u00bb text_color=\u00bbdark\u00bb text_align=\u00bbleft\u00bb row_border_radius=\u00bbnone\u00bb row_border_radius_applies=\u00bbbg\u00bb overflow=\u00bbvisible\u00bb advanced_gradient_angle=\u00bb0&#8243; overlay_strength=\u00bb0.3&#8243; gradient_direction=\u00bbleft_to_right\u00bb shape_divider_position=\u00bbbottom\u00bb bg_image_animation=\u00bbnone\u00bb gradient_type=\u00bbdefault\u00bb shape_type=\u00bb\u00bb][vc_column column_padding=\u00bbno-extra-padding\u00bb column_padding_tablet=\u00bbinherit\u00bb column_padding_phone=\u00bbinherit\u00bb column_padding_position=\u00bball\u00bb column_element_spacing=\u00bbdefault\u00bb background_color_opacity=\u00bb1&#8243; background_hover_color_opacity=\u00bb1&#8243; column_shadow=\u00bbnone\u00bb column_border_radius=\u00bbnone\u00bb column_link_target=\u00bb_self\u00bb column_position=\u00bbdefault\u00bb gradient_direction=\u00bbleft_to_right\u00bb overlay_strength=\u00bb0.3&#8243; width=\u00bb1\/1&#8243; tablet_width_inherit=\u00bbdefault\u00bb tablet_text_alignment=\u00bbdefault\u00bb phone_text_alignment=\u00bbdefault\u00bb animation_type=\u00bbdefault\u00bb bg_image_animation=\u00bbnone\u00bb border_type=\u00bbsimple\u00bb column_border_width=\u00bbnone\u00bb column_border_style=\u00bbsolid\u00bb][vc_custom_heading text=\u00bbNOS ESFORZAMOS POR SER\u00bb font_container=\u00bbtag:h4|text_align:center|color:%23676767&#8243; use_theme_fonts=\u00bbyes\u00bb][vc_custom_heading text=\u00bbACCESIBLE A TODOS\u00bb font_container=\u00bbtag:h2|text_align:center|color:%23676767&#8243; use_theme_fonts=\u00bbyes\u00bb][divider line_type=\u00bbSmall Line\u00bb line_alignment=\u00bbcenter\u00bb line_thickness=\u00bb1&#8243; divider_color=\u00bbdefault\u00bb custom_height=\u00bb60px\u00bb][vc_column_text]<strong>La Educaci\u00f3n Cat\u00f3lica es la MEJOR INVERSI\u00d3N que podemos hacer en el futuro de nuestros hijos.<\/strong><\/p>\n<p>Al invertir en la educaci\u00f3n cat\u00f3lica, brindamos a nuestros hijos una educaci\u00f3n acad\u00e9micamente excelente, que forja el car\u00e1cter y centrada en la fe que simplemente no se puede igualar en otros entornos acad\u00e9micos. La Escuela Cat\u00f3lica de St. Mary equipa a los estudiantes con una base que contin\u00faa influenci\u00e1ndolos mucho m\u00e1s all\u00e1 de sus a\u00f1os de preescolar y escuela primaria.<\/p>\n<p>Los graduados de las escuelas cat\u00f3licas se convierten en los l\u00edderes virtuosos del ma\u00f1ana: l\u00edderes que buscan la grandeza, muestran misericordia, sirven a los dem\u00e1s y caminan humildemente con Dios. \u00a1Qu\u00e9 regalo tan valioso podemos dejarles a nuestros hijos![\/vc_column_text][\/vc_column][\/vc_row][vc_row type=\u00bbfull_width_background\u00bb full_screen_row_position=\u00bbmiddle\u00bb column_margin=\u00bbdefault\u00bb equal_height=\u00bbyes\u00bb column_direction=\u00bbdefault\u00bb column_direction_tablet=\u00bbdefault\u00bb column_direction_phone=\u00bbdefault\u00bb bg_color=\u00bb#f2f2f2&#8243; scene_position=\u00bbcenter\u00bb top_padding=\u00bb4%\u00bb constrain_group_1=\u00bbyes\u00bb bottom_padding=\u00bb4%\u00bb text_color=\u00bbdark\u00bb text_align=\u00bbleft\u00bb row_border_radius=\u00bbnone\u00bb row_border_radius_applies=\u00bbbg\u00bb overflow=\u00bbvisible\u00bb id=\u00bbtuitionK\u00bb advanced_gradient_angle=\u00bb0&#8243; overlay_strength=\u00bb0.3&#8243; gradient_direction=\u00bbleft_to_right\u00bb shape_divider_position=\u00bbbottom\u00bb bg_image_animation=\u00bbnone\u00bb shape_type=\u00bb\u00bb gradient_type=\u00bbdefault\u00bb][vc_column column_padding=\u00bbno-extra-padding\u00bb column_padding_tablet=\u00bbinherit\u00bb column_padding_phone=\u00bbinherit\u00bb column_padding_position=\u00bball\u00bb column_element_spacing=\u00bbdefault\u00bb background_color_opacity=\u00bb1&#8243; background_hover_color_opacity=\u00bb1&#8243; column_shadow=\u00bbnone\u00bb column_border_radius=\u00bbnone\u00bb column_link_target=\u00bb_self\u00bb column_position=\u00bbdefault\u00bb gradient_direction=\u00bbleft_to_right\u00bb overlay_strength=\u00bb0.3&#8243; width=\u00bb1\/1&#8243; tablet_width_inherit=\u00bbdefault\u00bb tablet_text_alignment=\u00bbdefault\u00bb phone_text_alignment=\u00bbdefault\u00bb animation_type=\u00bbdefault\u00bb bg_image_animation=\u00bbnone\u00bb border_type=\u00bbsimple\u00bb column_border_width=\u00bbnone\u00bb column_border_style=\u00bbsolid\u00bb][vc_column_text]\n<h3>Kindergarten &#8211; 8vo Grado<\/h3>\n[\/vc_column_text][vc_custom_heading text=\u00bbTarifas 2026-2027&#8243; font_container=\u00bbtag:h4|font_size:25|text_align:left\u00bb use_theme_fonts=\u00bbyes\u00bb][pricing_table style=\u00bbdefault\u00bb el_class=\u00bbstmpricetable\u00bb][pricing_column color=\u00bbAccent-Color\u00bb title=\u00bbPrimer hijo\u00bb id=\u00bb1768596033048-6&#8243; tab_id=\u00bb1768596033048-6&#8243; price=\u00bb6,150&#8243; currency_symbol=\u00bb$\u00bb][\/pricing_column][pricing_column color=\u00bbAccent-Color\u00bb title=\u00bbSegundo hijo\u00bb id=\u00bb1768596033062-5&#8243; tab_id=\u00bb1768596033062-0&#8243; price=\u00bb5,850&#8243; currency_symbol=\u00bb$\u00bb][\/pricing_column][pricing_column color=\u00bbAccent-Color\u00bb title=\u00bbTercer hijo\u00bb id=\u00bb1768596033066-8&#8243; tab_id=\u00bb1768596033067-4&#8243; price=\u00bb5,550&#8243; currency_symbol=\u00bb$\u00bb][\/pricing_column][pricing_column color=\u00bbAccent-Color\u00bb title=\u00bbCuarto hijo\u00bb id=\u00bb1768596033071-0&#8243; tab_id=\u00bb1768596033072-6&#8243; price=\u00bbGratis\u00bb][\/pricing_column][\/pricing_table][vc_custom_heading text=\u00bbTarifas no reembolsables\u00bb font_container=\u00bbtag:h4|font_size:25|text_align:left\u00bb use_theme_fonts=\u00bbyes\u00bb][vc_column_text]\n<h5><strong>Tarifa de inscripci\u00f3n: $250 por familia<br \/>\nTarifa de libros: $150 por ni\u00f1o<br \/>\nTarifa de utiles: $25 por ni\u00f1o<\/strong><\/h5>\n[\/vc_column_text][\/vc_column][\/vc_row][vc_row type=\u00bbfull_width_background\u00bb full_screen_row_position=\u00bbmiddle\u00bb column_margin=\u00bbdefault\u00bb column_direction=\u00bbdefault\u00bb column_direction_tablet=\u00bbdefault\u00bb column_direction_phone=\u00bbdefault\u00bb scene_position=\u00bbcenter\u00bb top_padding=\u00bb4%\u00bb constrain_group_1=\u00bbyes\u00bb bottom_padding=\u00bb4%\u00bb text_color=\u00bbdark\u00bb text_align=\u00bbleft\u00bb row_border_radius=\u00bbnone\u00bb row_border_radius_applies=\u00bbbg\u00bb overflow=\u00bbvisible\u00bb id=\u00bbPreschool\u00bb advanced_gradient_angle=\u00bb0&#8243; overlay_strength=\u00bb0.3&#8243; gradient_direction=\u00bbleft_to_right\u00bb shape_divider_position=\u00bbbottom\u00bb bg_image_animation=\u00bbnone\u00bb shape_type=\u00bb\u00bb gradient_type=\u00bbdefault\u00bb][vc_column column_padding=\u00bbno-extra-padding\u00bb column_padding_tablet=\u00bbinherit\u00bb column_padding_phone=\u00bbinherit\u00bb column_padding_position=\u00bball\u00bb column_element_spacing=\u00bbdefault\u00bb background_color_opacity=\u00bb1&#8243; background_hover_color_opacity=\u00bb1&#8243; column_shadow=\u00bbnone\u00bb column_border_radius=\u00bbnone\u00bb column_link_target=\u00bb_self\u00bb column_position=\u00bbdefault\u00bb gradient_direction=\u00bbleft_to_right\u00bb overlay_strength=\u00bb0.3&#8243; width=\u00bb1\/1&#8243; tablet_width_inherit=\u00bbdefault\u00bb tablet_text_alignment=\u00bbdefault\u00bb phone_text_alignment=\u00bbdefault\u00bb animation_type=\u00bbdefault\u00bb bg_image_animation=\u00bbnone\u00bb border_type=\u00bbsimple\u00bb column_border_width=\u00bbnone\u00bb column_border_style=\u00bbsolid\u00bb][vc_column_text]\n<h3>Preescolar<\/h3>\n[\/vc_column_text][vc_custom_heading text=\u00bbTarifas 2026-2027&#8243; font_container=\u00bbtag:h4|font_size:25|text_align:left\u00bb use_theme_fonts=\u00bbyes\u00bb][pricing_table style=\u00bbdefault\u00bb el_class=\u00bbstmpricetable\u00bb][pricing_column color=\u00bbAccent-Color\u00bb title=\u00bbPreescolar 3 (PK3)\u00bb id=\u00bb1768596033129-0&#8243; tab_id=\u00bb1768596033130-6&#8243; price=\u00bb2,425&#8243; currency_symbol=\u00bb$\u00bb][\/pricing_column][pricing_column color=\u00bbAccent-Color\u00bb title=\u00bbPreescolar 4 (PK)\u00bb id=\u00bb1768596033140-1&#8243; tab_id=\u00bb1768596033141-4&#8243; price=\u00bb2,850&#8243; currency_symbol=\u00bb$\u00bb][\/pricing_column][pricing_column color=\u00bbAccent-Color\u00bb title=\u00bb5+ Medio Dia\u00bb id=\u00bb1768596033150-0&#8243; tab_id=\u00bb1768596033150-5&#8243; price=\u00bb4,000&#8243; currency_symbol=\u00bb$\u00bb][\/pricing_column][pricing_column color=\u00bbAccent-Color\u00bb title=\u00bb5+ Dia Completo\u00bb id=\u00bb1768596033160-9&#8243; tab_id=\u00bb1768596033160-4&#8243; price=\u00bb5,850&#8243; currency_symbol=\u00bb$\u00bb][\/pricing_column][\/pricing_table][vc_custom_heading text=\u00bbTarifas no reembolsables\u00bb font_container=\u00bbtag:h4|font_size:25|text_align:left\u00bb use_theme_fonts=\u00bbyes\u00bb][vc_column_text]\n<h5><strong>Tarifa de inscripci\u00f3n: $ 75 por ni\u00f1o<br \/>\nTarifa de utiles: $25 por ni\u00f1o<\/strong><\/h5>\n[\/vc_column_text][\/vc_column][\/vc_row]\n","protected":false},"excerpt":{"rendered":"<p>[vc_row type=\u00bbfull_width_background\u00bb full_screen_row_position=\u00bbmiddle\u00bb column_margin=\u00bbdefault\u00bb column_direction=\u00bbdefault\u00bb column_direction_tablet=\u00bbdefault\u00bb column_direction_phone=\u00bbdefault\u00bb bg_image=\u00bb1552&#8243; bg_position=\u00bbcenter center\u00bb background_image_loading=\u00bbdefault\u00bb bg_repeat=\u00bbno-repeat\u00bb scene_position=\u00bbcenter\u00bb top_padding=\u00bb15%\u00bb bottom_padding=\u00bb12%\u00bb text_color=\u00bblight\u00bb text_align=\u00bbleft\u00bb row_border_radius=\u00bbnone\u00bb row_border_radius_applies=\u00bbbg\u00bb overflow=\u00bbvisible\u00bb enable_gradient=\u00bbtrue\u00bb color_overlay=\u00bb#020f62&#8243; color_overlay_2=\u00bb#454860&#8243; advanced_gradient_angle=\u00bb0&#8243; overlay_strength=\u00bb0.8&#8243; gradient_direction=\u00bbleft_t_to_right_b\u00bb enable_shape_divider=\u00bbtrue\u00bb shape_divider_color=\u00bb#ffffff\u00bb shape_divider_position=\u00bbbottom\u00bb shape_divider_height=\u00bb150&#8243;&#8230;<\/p>\n","protected":false},"author":3,"featured_media":0,"parent":0,"menu_order":0,"comment_status":"closed","ping_status":"closed","template":"","meta":{"footnotes":""},"class_list":["post-2027","page","type-page","status-publish"],"_links":{"self":[{"href":"https:\/\/stmarycs.net\/es\/wp-json\/wp\/v2\/pages\/2027","targetHints":{"allow":["GET"]}}],"collection":[{"href":"https:\/\/stmarycs.net\/es\/wp-json\/wp\/v2\/pages"}],"about":[{"href":"https:\/\/stmarycs.net\/es\/wp-json\/wp\/v2\/types\/page"}],"author":[{"embeddable":true,"href":"https:\/\/stmarycs.net\/es\/wp-json\/wp\/v2\/users\/3"}],"replies":[{"embeddable":true,"href":"https:\/\/stmarycs.net\/es\/wp-json\/wp\/v2\/comments?post=2027"}],"version-history":[{"count":0,"href":"https:\/\/stmarycs.net\/es\/wp-json\/wp\/v2\/pages\/2027\/revisions"}],"wp:attachment":[{"href":"https:\/\/stmarycs.net\/es\/wp-json\/wp\/v2\/media?parent=2027"}],"curies":[{"name":"wp","href":"https:\/\/api.w.org\/{rel}","templated":true}]}}