{"id":2024,"date":"2021-03-10T17:56:30","date_gmt":"2021-03-11T00:56:30","guid":{"rendered":"https:\/\/stmarycs.net\/admissions-process\/"},"modified":"2026-01-16T11:29:40","modified_gmt":"2026-01-16T18:29:40","slug":"proceso-de-admision","status":"publish","type":"page","link":"https:\/\/stmarycs.net\/es\/proceso-de-admision\/","title":{"rendered":"Proceso de Admisi\u00f3n"},"content":{"rendered":"[vc_row type=\u00bbfull_width_background\u00bb full_screen_row_position=\u00bbmiddle\u00bb column_margin=\u00bbdefault\u00bb column_direction=\u00bbdefault\u00bb column_direction_tablet=\u00bbdefault\u00bb column_direction_phone=\u00bbdefault\u00bb scene_position=\u00bbcenter\u00bb top_padding=\u00bb15%\u00bb bottom_padding=\u00bb12%\u00bb text_color=\u00bblight\u00bb text_align=\u00bbleft\u00bb row_border_radius=\u00bbnone\u00bb row_border_radius_applies=\u00bbbg\u00bb overflow=\u00bbvisible\u00bb enable_gradient=\u00bbtrue\u00bb color_overlay=\u00bb#020f62&#8243; color_overlay_2=\u00bb#454860&#8243; advanced_gradient_angle=\u00bb0&#8243; overlay_strength=\u00bb0.8&#8243; gradient_direction=\u00bbleft_t_to_right_b\u00bb enable_shape_divider=\u00bbtrue\u00bb shape_divider_color=\u00bb#ffffff\u00bb shape_divider_position=\u00bbbottom\u00bb shape_divider_height=\u00bb150&#8243; shape_divider_bring_to_front=\u00bbtrue\u00bb bg_image_animation=\u00bbnone\u00bb shape_type=\u00bbwaves_opacity\u00bb gradient_type=\u00bbdefault\u00bb][vc_column column_padding=\u00bbno-extra-padding\u00bb column_padding_tablet=\u00bbinherit\u00bb column_padding_phone=\u00bbinherit\u00bb column_padding_position=\u00bball\u00bb column_element_spacing=\u00bbdefault\u00bb background_color_opacity=\u00bb1&#8243; background_hover_color_opacity=\u00bb1&#8243; column_shadow=\u00bbnone\u00bb column_border_radius=\u00bbnone\u00bb column_link_target=\u00bb_self\u00bb column_position=\u00bbdefault\u00bb gradient_direction=\u00bbleft_to_right\u00bb overlay_strength=\u00bb0.3&#8243; width=\u00bb1\/1&#8243; tablet_width_inherit=\u00bbdefault\u00bb tablet_text_alignment=\u00bbdefault\u00bb phone_text_alignment=\u00bbdefault\u00bb animation_type=\u00bbdefault\u00bb bg_image_animation=\u00bbnone\u00bb border_type=\u00bbsimple\u00bb column_border_width=\u00bbnone\u00bb column_border_style=\u00bbsolid\u00bb][vc_column_text]\n<h1 style=\"text-align: center;\">Proceso de Admisi\u00f3n<\/h1>\n[\/vc_column_text][\/vc_column][\/vc_row][vc_row type=\u00bbin_container\u00bb full_screen_row_position=\u00bbmiddle\u00bb column_margin=\u00bbdefault\u00bb column_direction=\u00bbdefault\u00bb column_direction_tablet=\u00bbdefault\u00bb column_direction_phone=\u00bbdefault\u00bb scene_position=\u00bbcenter\u00bb top_padding=\u00bb4%\u00bb bottom_padding=\u00bb6%\u00bb text_color=\u00bbdark\u00bb text_align=\u00bbleft\u00bb row_border_radius=\u00bbnone\u00bb row_border_radius_applies=\u00bbbg\u00bb overflow=\u00bbvisible\u00bb advanced_gradient_angle=\u00bb0&#8243; overlay_strength=\u00bb0.3&#8243; gradient_direction=\u00bbleft_to_right\u00bb shape_divider_position=\u00bbbottom\u00bb bg_image_animation=\u00bbnone\u00bb gradient_type=\u00bbdefault\u00bb shape_type=\u00bb\u00bb][vc_column column_padding=\u00bbno-extra-padding\u00bb column_padding_tablet=\u00bbinherit\u00bb column_padding_phone=\u00bbinherit\u00bb column_padding_position=\u00bball\u00bb column_element_spacing=\u00bbdefault\u00bb background_color_opacity=\u00bb1&#8243; background_hover_color_opacity=\u00bb1&#8243; column_shadow=\u00bbnone\u00bb column_border_radius=\u00bbnone\u00bb column_link_target=\u00bb_self\u00bb column_position=\u00bbdefault\u00bb gradient_direction=\u00bbleft_to_right\u00bb overlay_strength=\u00bb0.3&#8243; width=\u00bb1\/1&#8243; tablet_width_inherit=\u00bbdefault\u00bb tablet_text_alignment=\u00bbdefault\u00bb phone_text_alignment=\u00bbdefault\u00bb animation_type=\u00bbdefault\u00bb bg_image_animation=\u00bbnone\u00bb border_type=\u00bbsimple\u00bb column_border_width=\u00bbnone\u00bb column_border_style=\u00bbsolid\u00bb][vc_column_text]\n<h3 style=\"text-align: center;\">Las solicitudes para el a\u00f1o escolar 2026-27 ya esta abierto!<\/h3>\n[\/vc_column_text][divider line_type=\u00bbFull Width Line\u00bb line_thickness=\u00bb1&#8243; divider_color=\u00bbdefault\u00bb custom_height=\u00bb25&#8243;][vc_column_text]\n<h5 style=\"text-align: center;\">Descuento de cobro de inscripcion temprana: $150 por familia*<\/h5>\n<h5 style=\"text-align: center;\">Desde ahora hasta el 16 de febrero<\/h5>\n<h6 style=\"text-align: center;\">*Despu\u00e9s del 16 de febrero, el cobro de inscripcion es $250 por familia (K-8)<\/h6>\n[\/vc_column_text][divider line_type=\u00bbFull Width Line\u00bb line_thickness=\u00bb1&#8243; divider_color=\u00bbdefault\u00bb custom_height=\u00bb25&#8243;][toggles style=\u00bbminimal\u00bb][toggle color=\u00bbDefault\u00bb heading_tag=\u00bbdefault\u00bb title=\u00bbPaso 1: Visite la Escuela Cat\u00f3lica St. Mary\u00bb][vc_column_text]La selecci\u00f3n de una escuela para su hijo es una decisi\u00f3n importante. Damos la bienvenida a la oportunidad de contarle sobre nuestra escuela, darle un recorrido por nuestro campus y brindarle la informaci\u00f3n que necesita.<\/p>\n<p>Considere solicitar que su hijo tenga un D\u00eda de Sombra en St. Mary. Al observar durante un d\u00eda, su hijo obtendr\u00e1 una rica experiencia de la vida estudiantil en la escuela. (S\u00f3lo para los grados 1-8)[\/vc_column_text][nectar_btn size=\u00bblarge\u00bb button_style=\u00bbregular\u00bb button_color_2=\u00bbAccent-Color\u00bb icon_family=\u00bbnone\u00bb text=\u00bbSolicita un recorrido\u00bb url=\u00bb\/tour\u00bb][\/toggle][toggle color=\u00bbDefault\u00bb heading_tag=\u00bbdefault\u00bb title=\u00bbPaso 2: Aplicar en l\u00ednea\u00bb][vc_column_text]Para presentar una solicitud, visite el <a href=\"https:\/\/smc-co.client.renweb.com\/oa\/?memberid=15828\">hogar de admisiones<\/a> de St. Mary. Se le dar\u00e1n algunas instrucciones sobre c\u00f3mo proceder con la solicitud en l\u00ednea y se le pedir\u00e1 que cree una cuenta. Tras la creaci\u00f3n de la cuenta, recibir\u00e1 un correo electr\u00f3nico con un enlace de verificaci\u00f3n. \u00a1Inicie sesi\u00f3n en su cuenta y cree una nueva solicitud de estudiante! (No hay tarifa de solicitud)<\/p>\n<p>La entrega de una solicitud no garantiza la admisi\u00f3n. Revisaremos toda la informaci\u00f3n proporcionada y nos comunicaremos con usted para indicarle los siguientes pasos.[\/vc_column_text][nectar_btn size=\u00bblarge\u00bb open_new_tab=\u00bbtrue\u00bb button_style=\u00bbregular\u00bb button_color_2=\u00bbAccent-Color\u00bb icon_family=\u00bbnone\u00bb text=\u00bbAplica ahora\u00bb style=\u00bb\u00abborder: none;\u00bb src=\u00bb\u00abhttps:\/\/bmpc-co.client.renweb.com\/oa\/inquiry.cfm?memberid=15544&amp;iframe=1&amp;topnav=0&amp;headerimg=0\u00ab\u00bb width=\u00bb\u00ab100%\u00ab\u00bb url=\u00bbhttps:\/\/smc-co.client.renweb.com\/oa\/?memberid=15828&#8243;][\/toggle][toggle color=\u00bbDefault\u00bb heading_tag=\u00bbdefault\u00bb title=\u00bbPaso 3: Reunion de familia\u00bb][vc_column_text]Si a\u00fan no han conocido a nuestro director y\/o directora de preescolar, les pediremos que regresen para una reuni\u00f3n de familia donde hablaremos sobre el proceso de admisi\u00f3n. Valoramos la colaboraci\u00f3n con nuestras familias, y esta colaboraci\u00f3n comienza en la reuni\u00f3n de familia.<\/p>\n<p>La inscripci\u00f3n depende de la reunion de familia y la revisi\u00f3n de los registros del estudiante.[\/vc_column_text][\/toggle][toggle color=\u00bbDefault\u00bb heading_tag=\u00bbdefault\u00bb title=\u00bbPaso 4: Evaluaci\u00f3n de ingreso\u00bb][vc_column_text]Al mismo tiempo que la oficina de la escuela se comunica con usted para programar el recorrido, tambi\u00e9n programar\u00e1n la evaluaci\u00f3n de ingreso.<\/p>\n<p>Los estudiantes que ingresan al kinder hasta octavo grado completar\u00e1n una evaluaci\u00f3n con un maestro del nivel de grado o administrador. Esta evaluaci\u00f3n pondr\u00e1 a prueba su competencia acad\u00e9mica, as\u00ed como su preparaci\u00f3n para el desarrollo del grado al que ingresar\u00e1n.<\/p>\n<p>Los estudiantes que ingresan del 1\u00ba al 8\u00ba grado deben proporcionar registros de su escuela anterior antes de ser aceptados en St. Mary. Estos registros incluyen, entre otros: transcripciones, IEP o 504 y registros disciplinarios.[\/vc_column_text][\/toggle][toggle color=\u00bbDefault\u00bb heading_tag=\u00bbdefault\u00bb title=\u00bbPaso 5: Inscr\u00edpcion en l\u00ednea\u00bb][vc_column_text]Despu\u00e9s de que su hijo haya sido aceptado en la Escuela Cat\u00f3lica St. Mary, recibir\u00e1 un correo electr\u00f3nico invit\u00e1ndolo a inscribirse en St. Mary. Las instrucciones para configurar una cuenta en el <a href=\"https:\/\/smc-co.client.renweb.com\/pwr\/\">Portal Familiar FACTS<\/a> se incluir\u00e1n en el correo electr\u00f3nico.<br \/>\nPara todos los estudiantes es necesario cargar los siguientes documentos:<\/p>\n<ul>\n<li>Acta de nacimiento<\/li>\n<li>Registros de vacunaci\u00f3n o formularios de exenci\u00f3n de vacunaci\u00f3n<\/li>\n<li>Registros sacramentales (si corresponde)<\/li>\n<li>Documentaci\u00f3n de educaci\u00f3n especial o IEP (si corresponde)<\/li>\n<li>Documentaci\u00f3n de orden judicial o de custodia (si corresponde)<\/li>\n<\/ul>\n<p>Tarifas no reembolsables:<\/p>\n<ul>\n<li>Una vez que haya enviado la inscripci\u00f3n para cada ni\u00f1o, se le cobrar\u00e1 una tarifa de inscripci\u00f3n de $250 por familia. (Solo estudiantes de K-8)<\/li>\n<li>Si ha inscrito a un ni\u00f1o en edad preescolar, se le cobrar\u00e1 una tarifa de inscripci\u00f3n de $75 por cada ni\u00f1o en edad preescolar.<\/li>\n<li>El 1 de agosto, se cobrar\u00e1 una tarifa de libro de $150 por estudiante (solo estudiantes de K-8)<\/li>\n<li>El 1 de agosto se cobrar\u00e1 una tarifa de utiles de $25 por estudiante.<\/li>\n<\/ul>\n[\/vc_column_text][nectar_btn size=\u00bblarge\u00bb open_new_tab=\u00bbtrue\u00bb button_style=\u00bbregular\u00bb button_color_2=\u00bbAccent-Color\u00bb icon_family=\u00bbnone\u00bb text=\u00bbFACTS PORTAL FAMILIAR\u00bb style=\u00bb\u00abborder: none;\u00bb src=\u00bb\u00abhttps:\/\/bmpc-co.client.renweb.com\/oa\/inquiry.cfm?memberid=15544&amp;iframe=1&amp;topnav=0&amp;headerimg=0\u00ab\u00bb width=\u00bb\u00ab100%\u00ab\u00bb url=\u00bbhttps:\/\/smc-co.client.renweb.com\/pwr\/\u00bb][\/toggle][toggle color=\u00bbDefault\u00bb heading_tag=\u00bbdefault\u00bb title=\u00bbPaso 6: Solicitar ayuda financiera (opcional)\u00bb][vc_column_text]Animamos a todas las familias a solicitar ayuda financiera. Hay diferentes fechas l\u00edmite para las solicitudes dependiendo de la organizaci\u00f3n que elijas, y las limitaciones de ingresos son generosas, por lo que siempre vale la pena dar una segunda mirada para ver si calificas. Consulte nuestra p\u00e1gina de Ayuda financiera para obtener m\u00e1s informaci\u00f3n.[\/vc_column_text][nectar_btn size=\u00bblarge\u00bb button_style=\u00bbregular\u00bb button_color_2=\u00bbAccent-Color\u00bb icon_family=\u00bbnone\u00bb text=\u00bbAyuda financiera\u00bb style=\u00bb\u00abborder: none;\u00bb src=\u00bb\u00abhttps:\/\/bmpc-co.client.renweb.com\/oa\/inquiry.cfm?memberid=15544&amp;iframe=1&amp;topnav=0&amp;headerimg=0\u00ab\u00bb width=\u00bb\u00ab100%\u00ab\u00bb url=\u00bb\/financial-aid\u00bb][\/toggle][\/toggles][\/vc_column][\/vc_row][vc_row type=\u00bbin_container\u00bb full_screen_row_position=\u00bbmiddle\u00bb column_margin=\u00bbdefault\u00bb column_direction=\u00bbdefault\u00bb column_direction_tablet=\u00bbdefault\u00bb column_direction_phone=\u00bbdefault\u00bb scene_position=\u00bbcenter\u00bb text_color=\u00bbdark\u00bb text_align=\u00bbleft\u00bb row_border_radius=\u00bbnone\u00bb row_border_radius_applies=\u00bbbg\u00bb overflow=\u00bbvisible\u00bb overlay_strength=\u00bb0.3&#8243; gradient_direction=\u00bbleft_to_right\u00bb shape_divider_position=\u00bbbottom\u00bb bg_image_animation=\u00bbnone\u00bb][vc_column column_padding=\u00bbno-extra-padding\u00bb column_padding_tablet=\u00bbinherit\u00bb column_padding_phone=\u00bbinherit\u00bb column_padding_position=\u00bball\u00bb column_element_spacing=\u00bbdefault\u00bb background_color_opacity=\u00bb1&#8243; background_hover_color_opacity=\u00bb1&#8243; column_shadow=\u00bbnone\u00bb column_border_radius=\u00bbnone\u00bb column_link_target=\u00bb_self\u00bb column_position=\u00bbdefault\u00bb gradient_direction=\u00bbleft_to_right\u00bb overlay_strength=\u00bb0.3&#8243; width=\u00bb1\/1&#8243; tablet_width_inherit=\u00bbdefault\u00bb tablet_text_alignment=\u00bbdefault\u00bb phone_text_alignment=\u00bbdefault\u00bb animation_type=\u00bbdefault\u00bb bg_image_animation=\u00bbnone\u00bb border_type=\u00bbsimple\u00bb column_border_width=\u00bbnone\u00bb column_border_style=\u00bbsolid\u00bb][\/vc_column][\/vc_row]\n","protected":false},"excerpt":{"rendered":"<p>[vc_row type=\u00bbfull_width_background\u00bb full_screen_row_position=\u00bbmiddle\u00bb column_margin=\u00bbdefault\u00bb column_direction=\u00bbdefault\u00bb column_direction_tablet=\u00bbdefault\u00bb column_direction_phone=\u00bbdefault\u00bb scene_position=\u00bbcenter\u00bb top_padding=\u00bb15%\u00bb bottom_padding=\u00bb12%\u00bb text_color=\u00bblight\u00bb text_align=\u00bbleft\u00bb row_border_radius=\u00bbnone\u00bb row_border_radius_applies=\u00bbbg\u00bb overflow=\u00bbvisible\u00bb enable_gradient=\u00bbtrue\u00bb color_overlay=\u00bb#020f62&#8243; color_overlay_2=\u00bb#454860&#8243; advanced_gradient_angle=\u00bb0&#8243; overlay_strength=\u00bb0.8&#8243; gradient_direction=\u00bbleft_t_to_right_b\u00bb enable_shape_divider=\u00bbtrue\u00bb shape_divider_color=\u00bb#ffffff\u00bb shape_divider_position=\u00bbbottom\u00bb shape_divider_height=\u00bb150&#8243; shape_divider_bring_to_front=\u00bbtrue\u00bb bg_image_animation=\u00bbnone\u00bb shape_type=\u00bbwaves_opacity\u00bb gradient_type=\u00bbdefault\u00bb][vc_column column_padding=\u00bbno-extra-padding\u00bb&#8230;<\/p>\n","protected":false},"author":3,"featured_media":0,"parent":0,"menu_order":0,"comment_status":"closed","ping_status":"closed","template":"","meta":{"footnotes":""},"class_list":["post-2024","page","type-page","status-publish"],"_links":{"self":[{"href":"https:\/\/stmarycs.net\/es\/wp-json\/wp\/v2\/pages\/2024","targetHints":{"allow":["GET"]}}],"collection":[{"href":"https:\/\/stmarycs.net\/es\/wp-json\/wp\/v2\/pages"}],"about":[{"href":"https:\/\/stmarycs.net\/es\/wp-json\/wp\/v2\/types\/page"}],"author":[{"embeddable":true,"href":"https:\/\/stmarycs.net\/es\/wp-json\/wp\/v2\/users\/3"}],"replies":[{"embeddable":true,"href":"https:\/\/stmarycs.net\/es\/wp-json\/wp\/v2\/comments?post=2024"}],"version-history":[{"count":0,"href":"https:\/\/stmarycs.net\/es\/wp-json\/wp\/v2\/pages\/2024\/revisions"}],"wp:attachment":[{"href":"https:\/\/stmarycs.net\/es\/wp-json\/wp\/v2\/media?parent=2024"}],"curies":[{"name":"wp","href":"https:\/\/api.w.org\/{rel}","templated":true}]}}