{"id":2022,"date":"2023-06-22T14:49:25","date_gmt":"2023-06-22T20:49:25","guid":{"rendered":"https:\/\/stmarycs.net\/requisitos-para-voluntarios\/"},"modified":"2025-08-22T12:48:36","modified_gmt":"2025-08-22T18:48:36","slug":"requisitos-para-voluntarios","status":"publish","type":"page","link":"https:\/\/stmarycs.net\/es\/requisitos-para-voluntarios\/","title":{"rendered":"Requisitos de voluntarios"},"content":{"rendered":"[vc_row type=\u00bbfull_width_background\u00bb full_screen_row_position=\u00bbmiddle\u00bb column_margin=\u00bbdefault\u00bb column_direction=\u00bbdefault\u00bb column_direction_tablet=\u00bbdefault\u00bb column_direction_phone=\u00bbdefault\u00bb scene_position=\u00bbcenter\u00bb top_padding=\u00bb15%\u00bb bottom_padding=\u00bb12%\u00bb text_color=\u00bblight\u00bb text_align=\u00bbleft\u00bb row_border_radius=\u00bbnone\u00bb row_border_radius_applies=\u00bbbg\u00bb overflow=\u00bbvisible\u00bb enable_gradient=\u00bbtrue\u00bb color_overlay=\u00bb#020f62&#8243; color_overlay_2=\u00bb#454860&#8243; advanced_gradient_angle=\u00bb0&#8243; overlay_strength=\u00bb0.8&#8243; gradient_direction=\u00bbleft_t_to_right_b\u00bb enable_shape_divider=\u00bbtrue\u00bb shape_divider_color=\u00bb#ffffff\u00bb shape_divider_position=\u00bbbottom\u00bb shape_divider_height=\u00bb150&#8243; shape_divider_bring_to_front=\u00bbtrue\u00bb bg_image_animation=\u00bbnone\u00bb shape_type=\u00bbwaves_opacity\u00bb gradient_type=\u00bbdefault\u00bb][vc_column column_padding=\u00bbno-extra-padding\u00bb column_padding_tablet=\u00bbinherit\u00bb column_padding_phone=\u00bbinherit\u00bb column_padding_position=\u00bball\u00bb column_element_spacing=\u00bbdefault\u00bb background_color_opacity=\u00bb1&#8243; background_hover_color_opacity=\u00bb1&#8243; column_shadow=\u00bbnone\u00bb column_border_radius=\u00bbnone\u00bb column_link_target=\u00bb_self\u00bb column_position=\u00bbdefault\u00bb gradient_direction=\u00bbleft_to_right\u00bb overlay_strength=\u00bb0.3&#8243; width=\u00bb1\/1&#8243; tablet_width_inherit=\u00bbdefault\u00bb tablet_text_alignment=\u00bbdefault\u00bb phone_text_alignment=\u00bbdefault\u00bb animation_type=\u00bbdefault\u00bb bg_image_animation=\u00bbnone\u00bb border_type=\u00bbsimple\u00bb column_border_width=\u00bbnone\u00bb column_border_style=\u00bbsolid\u00bb][vc_column_text]\n<h1 style=\"text-align: center;\">Requisitos de voluntarios<\/h1>\n[\/vc_column_text][\/vc_column][\/vc_row][vc_row type=\u00bbin_container\u00bb full_screen_row_position=\u00bbmiddle\u00bb column_margin=\u00bbdefault\u00bb column_direction=\u00bbdefault\u00bb column_direction_tablet=\u00bbdefault\u00bb column_direction_phone=\u00bbdefault\u00bb scene_position=\u00bbcenter\u00bb top_padding=\u00bb4%\u00bb text_color=\u00bbdark\u00bb text_align=\u00bbleft\u00bb row_border_radius=\u00bbnone\u00bb row_border_radius_applies=\u00bbbg\u00bb overflow=\u00bbvisible\u00bb advanced_gradient_angle=\u00bb0&#8243; overlay_strength=\u00bb0.3&#8243; gradient_direction=\u00bbleft_to_right\u00bb shape_divider_position=\u00bbbottom\u00bb bg_image_animation=\u00bbnone\u00bb gradient_type=\u00bbdefault\u00bb shape_type=\u00bb\u00bb][vc_column column_padding=\u00bbno-extra-padding\u00bb column_padding_tablet=\u00bbinherit\u00bb column_padding_phone=\u00bbinherit\u00bb column_padding_position=\u00bball\u00bb column_element_spacing=\u00bbdefault\u00bb background_color_opacity=\u00bb1&#8243; background_hover_color_opacity=\u00bb1&#8243; column_shadow=\u00bbnone\u00bb column_border_radius=\u00bbnone\u00bb column_link_target=\u00bb_self\u00bb column_position=\u00bbdefault\u00bb gradient_direction=\u00bbleft_to_right\u00bb overlay_strength=\u00bb0.3&#8243; width=\u00bb1\/1&#8243; tablet_width_inherit=\u00bbdefault\u00bb tablet_text_alignment=\u00bbdefault\u00bb phone_text_alignment=\u00bbdefault\u00bb animation_type=\u00bbdefault\u00bb bg_image_animation=\u00bbnone\u00bb border_type=\u00bbsimple\u00bb column_border_width=\u00bbnone\u00bb column_border_style=\u00bbsolid\u00bb][vc_column_text]\n<div class=\"moduleInner customModule moduleTitleHidden moduleSubtitleHidden\">\n<div class=\"moduleBody\">\n<p>Dado que requerimos que todas las familias sean voluntarias por lo menos 25 horas por a\u00f1o escolar, recomendamos que los padres y guardianes completen los requisitos de voluntariado m\u00e1s temprano que tarde. A continuaci\u00f3n se muestra una lista completa de estos requisitos:<\/p>\n<ul>\n<li>Capacitaci\u00f3n sobre Ambiente Seguro: esta es una clase en persona que todos los adultos deben tomar antes de ser voluntarios o trabajar con nuestros ni\u00f1os. Haga clic en el siguiente enlace para ver la p\u00e1gina de la Arquidi\u00f3cesis de Denver sobre este programa, tambi\u00e9n conocido como Llamados a Proteger. All\u00ed puede ver las pr\u00f3ximas clases cerca de usted. La clase en persona solo debe tomarse una vez, seguida de una capacitaci\u00f3n de actualizaci\u00f3n en l\u00ednea cada 5 a\u00f1os. <a href=\"https:\/\/archden.org\/safe-environment-training-classes\/#.Wlr4A6inE2w\" target=\"_blank\" rel=\"noopener\">Haga clic aqu\u00ed para la capacitaci\u00f3n SET<\/a><\/li>\n<li><a href=\"https:\/\/stmarycs.net\/wp-content\/uploads\/2024\/09\/Background-Check-Paperwork.pdf\" target=\"_blank\" rel=\"noopener\">Verificaci\u00f3n de antecedentes:<\/a> Visite la oficina parroquial o la oficina de la escuela para completar y enviar la documentaci\u00f3n.<\/li>\n<li><a href=\"https:\/\/stmarycs.net\/wp-content\/uploads\/2024\/09\/Volunteer-Worker-Hold-Harmless-Agreement.pdf\" target=\"_blank\" rel=\"noopener\">Acuerdo de exenci\u00f3n de responsabilidad del trabajador voluntario:<\/a> Visite la oficina de la escuela para completar y enviar la documentaci\u00f3n<\/li>\n<li><a href=\"https:\/\/stmarycs.net\/wp-content\/uploads\/2024\/09\/AoD-Code-of-Conduct-English.pdf\" target=\"_blank\" rel=\"noopener\">C\u00f3digo de Conducta<\/a>: Al completar la Capacitaci\u00f3n de Ambiente Seguro, se le pedir\u00e1 que lea y firme el C\u00f3digo de Conducta de la Arquidi\u00f3cesis de Denver.<\/li>\n<\/ul>\n<p>Si planea ser un conductor para excursiones, viajes compartidos o cualquier otra capacidad de conducci\u00f3n, tambi\u00e9n debe proporcionar los siguientes documentos:<\/p>\n<ul>\n<li><a href=\"https:\/\/stmarycs.net\/wp-content\/uploads\/2024\/09\/Volunteer-Driver-Agreement-Bilingual.pdf\" target=\"_blank\" rel=\"noopener\">Acuerdo de conductor voluntario:<\/a> Visite la oficina de la escuela para completar y enviar la documentaci\u00f3n.<\/li>\n<li>Copia de su Licencia de Conducir vigente<\/li>\n<li>Copia de su Seguro Vehicular vigente<\/li>\n<\/ul>\n<\/div>\n<\/div>\n[\/vc_column_text][\/vc_column][\/vc_row]\n","protected":false},"excerpt":{"rendered":"<p>[vc_row type=\u00bbfull_width_background\u00bb full_screen_row_position=\u00bbmiddle\u00bb column_margin=\u00bbdefault\u00bb column_direction=\u00bbdefault\u00bb column_direction_tablet=\u00bbdefault\u00bb column_direction_phone=\u00bbdefault\u00bb scene_position=\u00bbcenter\u00bb top_padding=\u00bb15%\u00bb bottom_padding=\u00bb12%\u00bb text_color=\u00bblight\u00bb text_align=\u00bbleft\u00bb row_border_radius=\u00bbnone\u00bb row_border_radius_applies=\u00bbbg\u00bb overflow=\u00bbvisible\u00bb enable_gradient=\u00bbtrue\u00bb color_overlay=\u00bb#020f62&#8243; color_overlay_2=\u00bb#454860&#8243; advanced_gradient_angle=\u00bb0&#8243; overlay_strength=\u00bb0.8&#8243; gradient_direction=\u00bbleft_t_to_right_b\u00bb enable_shape_divider=\u00bbtrue\u00bb shape_divider_color=\u00bb#ffffff\u00bb shape_divider_position=\u00bbbottom\u00bb shape_divider_height=\u00bb150&#8243; shape_divider_bring_to_front=\u00bbtrue\u00bb bg_image_animation=\u00bbnone\u00bb shape_type=\u00bbwaves_opacity\u00bb gradient_type=\u00bbdefault\u00bb][vc_column column_padding=\u00bbno-extra-padding\u00bb&#8230;<\/p>\n","protected":false},"author":3,"featured_media":0,"parent":0,"menu_order":0,"comment_status":"closed","ping_status":"closed","template":"","meta":{"footnotes":""},"class_list":["post-2022","page","type-page","status-publish"],"_links":{"self":[{"href":"https:\/\/stmarycs.net\/es\/wp-json\/wp\/v2\/pages\/2022","targetHints":{"allow":["GET"]}}],"collection":[{"href":"https:\/\/stmarycs.net\/es\/wp-json\/wp\/v2\/pages"}],"about":[{"href":"https:\/\/stmarycs.net\/es\/wp-json\/wp\/v2\/types\/page"}],"author":[{"embeddable":true,"href":"https:\/\/stmarycs.net\/es\/wp-json\/wp\/v2\/users\/3"}],"replies":[{"embeddable":true,"href":"https:\/\/stmarycs.net\/es\/wp-json\/wp\/v2\/comments?post=2022"}],"version-history":[{"count":0,"href":"https:\/\/stmarycs.net\/es\/wp-json\/wp\/v2\/pages\/2022\/revisions"}],"wp:attachment":[{"href":"https:\/\/stmarycs.net\/es\/wp-json\/wp\/v2\/media?parent=2022"}],"curies":[{"name":"wp","href":"https:\/\/api.w.org\/{rel}","templated":true}]}}