{"id":1985,"date":"2023-05-25T22:02:24","date_gmt":"2023-05-26T04:02:24","guid":{"rendered":"https:\/\/stmarycs.net\/dejar-y-recoger\/"},"modified":"2025-05-29T10:19:45","modified_gmt":"2025-05-29T16:19:45","slug":"dejar-y-recoger","status":"publish","type":"page","link":"https:\/\/stmarycs.net\/es\/dejar-y-recoger\/","title":{"rendered":"Entrega y recojida"},"content":{"rendered":"[vc_row type=\u00bbfull_width_background\u00bb full_screen_row_position=\u00bbmiddle\u00bb column_margin=\u00bbdefault\u00bb column_direction=\u00bbdefault\u00bb column_direction_tablet=\u00bbdefault\u00bb column_direction_phone=\u00bbdefault\u00bb scene_position=\u00bbcenter\u00bb top_padding=\u00bb15%\u00bb bottom_padding=\u00bb12%\u00bb text_color=\u00bblight\u00bb text_align=\u00bbleft\u00bb row_border_radius=\u00bbnone\u00bb row_border_radius_applies=\u00bbbg\u00bb overflow=\u00bbvisible\u00bb enable_gradient=\u00bbtrue\u00bb color_overlay=\u00bb#020f62&#8243; color_overlay_2=\u00bb#454860&#8243; advanced_gradient_angle=\u00bb0&#8243; overlay_strength=\u00bb0.8&#8243; gradient_direction=\u00bbleft_t_to_right_b\u00bb enable_shape_divider=\u00bbtrue\u00bb shape_divider_color=\u00bb#ffffff\u00bb shape_divider_position=\u00bbbottom\u00bb shape_divider_height=\u00bb150&#8243; shape_divider_bring_to_front=\u00bbtrue\u00bb bg_image_animation=\u00bbnone\u00bb shape_type=\u00bbwaves_opacity\u00bb gradient_type=\u00bbdefault\u00bb][vc_column column_padding=\u00bbno-extra-padding\u00bb column_padding_tablet=\u00bbinherit\u00bb column_padding_phone=\u00bbinherit\u00bb column_padding_position=\u00bball\u00bb column_element_spacing=\u00bbdefault\u00bb background_color_opacity=\u00bb1&#8243; background_hover_color_opacity=\u00bb1&#8243; column_shadow=\u00bbnone\u00bb column_border_radius=\u00bbnone\u00bb column_link_target=\u00bb_self\u00bb column_position=\u00bbdefault\u00bb gradient_direction=\u00bbleft_to_right\u00bb overlay_strength=\u00bb0.3&#8243; width=\u00bb1\/1&#8243; tablet_width_inherit=\u00bbdefault\u00bb tablet_text_alignment=\u00bbdefault\u00bb phone_text_alignment=\u00bbdefault\u00bb animation_type=\u00bbdefault\u00bb bg_image_animation=\u00bbnone\u00bb border_type=\u00bbsimple\u00bb column_border_width=\u00bbnone\u00bb column_border_style=\u00bbsolid\u00bb][vc_column_text]\n<h1 style=\"text-align: center;\">Entrega y recojida<\/h1>\n[\/vc_column_text][\/vc_column][\/vc_row][vc_row type=\u00bbfull_width_background\u00bb full_screen_row_position=\u00bbmiddle\u00bb column_margin=\u00bbdefault\u00bb column_direction=\u00bbdefault\u00bb column_direction_tablet=\u00bbdefault\u00bb column_direction_phone=\u00bbdefault\u00bb scene_position=\u00bbcenter\u00bb top_padding=\u00bb4%\u00bb bottom_padding=\u00bb6%\u00bb text_color=\u00bbdark\u00bb text_align=\u00bbcenter\u00bb row_border_radius=\u00bbnone\u00bb row_border_radius_applies=\u00bbbg\u00bb overflow=\u00bbvisible\u00bb advanced_gradient_angle=\u00bb0&#8243; overlay_strength=\u00bb0.3&#8243; gradient_direction=\u00bbleft_to_right\u00bb shape_divider_position=\u00bbbottom\u00bb bg_image_animation=\u00bbnone\u00bb gradient_type=\u00bbdefault\u00bb shape_type=\u00bb\u00bb][vc_column column_padding=\u00bbno-extra-padding\u00bb column_padding_tablet=\u00bbinherit\u00bb column_padding_phone=\u00bbinherit\u00bb column_padding_position=\u00bball\u00bb column_element_spacing=\u00bbdefault\u00bb background_color_opacity=\u00bb1&#8243; background_hover_color_opacity=\u00bb1&#8243; column_shadow=\u00bbnone\u00bb column_border_radius=\u00bbnone\u00bb column_link_target=\u00bb_self\u00bb column_position=\u00bbdefault\u00bb gradient_direction=\u00bbleft_to_right\u00bb overlay_strength=\u00bb0.3&#8243; width=\u00bb1\/1&#8243; tablet_width_inherit=\u00bbdefault\u00bb tablet_text_alignment=\u00bbdefault\u00bb phone_text_alignment=\u00bbdefault\u00bb animation_type=\u00bbdefault\u00bb bg_image_animation=\u00bbnone\u00bb border_type=\u00bbsimple\u00bb column_border_width=\u00bbnone\u00bb column_border_style=\u00bbsolid\u00bb][vc_column_text]Consulte a continuaci\u00f3n las instrucciones y mapas sobre nuestros procedimientos de entrega y recogida de sus ni\u00f1os.[\/vc_column_text][nectar_btn size=\u00bblarge\u00bb constrain_group_2=\u00bbyes\u00bb open_new_tab=\u00bbtrue\u00bb button_style=\u00bbregular\u00bb button_color_2=\u00bbAccent-Color\u00bb icon_family=\u00bbnone\u00bb text=\u00bbMAPA DE CAMINATAS\u00bb margin_left=\u00bb10&#8243; margin_right=\u00bb10&#8243; url=\u00bbhttps:\/\/stmarycs.net\/wp-content\/uploads\/2023\/05\/Walk-Up-Map.png\u00bb][nectar_btn size=\u00bblarge\u00bb constrain_group_2=\u00bbyes\u00bb open_new_tab=\u00bbtrue\u00bb button_style=\u00bbregular\u00bb button_color_2=\u00bbAccent-Color\u00bb icon_family=\u00bbnone\u00bb text=\u00bbMAPA DE LINEA DE CARROS\u00bb margin_left=\u00bb10&#8243; margin_right=\u00bb10&#8243; url=\u00bbhttps:\/\/stmarycs.net\/wp-content\/uploads\/2023\/05\/Car-Line-Map.png\u00bb][divider line_type=\u00bbNo Line\u00bb][nectar_btn size=\u00bblarge\u00bb constrain_group_2=\u00bbyes\u00bb open_new_tab=\u00bbtrue\u00bb button_style=\u00bbregular\u00bb button_color_2=\u00bbextra-color-gradient-1&#8243; icon_family=\u00bbnone\u00bb text=\u00bbREGLAS Y PROCEDIMIENTOS\u00bb margin_left=\u00bb10&#8243; margin_right=\u00bb10&#8243; url=\u00bbhttps:\/\/stmarycs.net\/wp-content\/uploads\/2023\/05\/Carline-and-Walkups.pdf\u00bb][divider line_type=\u00bbNo Line\u00bb custom_height=\u00bb60px\u00bb][vc_column_text]\n<h3 style=\"text-align: center;\">\u00bfRecogiendo temprano?<\/h3>\n<p>Env\u00ede un correo electr\u00f3nico o llame a la oficina de la escuela si necesita recoger a su hijo temprano para una cita.<br \/>\nEsto asegura que podamos tener a su hijo empacado y listo para partir a su llegada.[\/vc_column_text][divider line_type=\u00bbNo Line\u00bb custom_height=\u00bb60px\u00bb][vc_column_text]\n<h3 style=\"text-align: center;\">Guarder\u00eda de la ma\u00f1ana y tarde<\/h3>\n<p style=\"text-align: left;\">La Escuela Cat\u00f3lica St. Mary se complace en ofrecer guarder\u00eda antes y despu\u00e9s de la escuela para nuestros estudiantes, para aquellas familias que necesitan un poco m\u00e1s de flexibilidad con los horarios de entrega y recogida.<\/p>\n<p style=\"text-align: left;\">Ma\u00f1ana&#8230;&#8230;&#8230;&#8230;..7:00 AM &#8211; 8:00 AM<br \/>\nTarde&#8230;&#8230;&#8230;&#8230;&#8230;&#8230;3:30 PM &#8211; 5:30 PM<\/p>\n<p style=\"text-align: left;\">Las tarifas se prorratean por los minutos que un estudiante pasa en la guarder\u00eda, seg\u00fan la tarifa de $ 9.00 por hora. Se proporcionar\u00e1 un refrigerio por la tarde. Las actividades diarias incluyen disfrutar de un refrigerio, lectura, tiempo de tarea, juegos de mesa y actividades al aire libre.<\/p>\n<p style=\"text-align: left;\">Si tiene preguntas, llame a Terri Tafoya, directora del programa, al 970-353-8100.<\/p>\n[\/vc_column_text][\/vc_column][\/vc_row]\n","protected":false},"excerpt":{"rendered":"<p>[vc_row type=\u00bbfull_width_background\u00bb full_screen_row_position=\u00bbmiddle\u00bb column_margin=\u00bbdefault\u00bb column_direction=\u00bbdefault\u00bb column_direction_tablet=\u00bbdefault\u00bb column_direction_phone=\u00bbdefault\u00bb scene_position=\u00bbcenter\u00bb top_padding=\u00bb15%\u00bb bottom_padding=\u00bb12%\u00bb text_color=\u00bblight\u00bb text_align=\u00bbleft\u00bb row_border_radius=\u00bbnone\u00bb row_border_radius_applies=\u00bbbg\u00bb overflow=\u00bbvisible\u00bb enable_gradient=\u00bbtrue\u00bb color_overlay=\u00bb#020f62&#8243; color_overlay_2=\u00bb#454860&#8243; advanced_gradient_angle=\u00bb0&#8243; overlay_strength=\u00bb0.8&#8243; gradient_direction=\u00bbleft_t_to_right_b\u00bb enable_shape_divider=\u00bbtrue\u00bb shape_divider_color=\u00bb#ffffff\u00bb shape_divider_position=\u00bbbottom\u00bb shape_divider_height=\u00bb150&#8243; shape_divider_bring_to_front=\u00bbtrue\u00bb bg_image_animation=\u00bbnone\u00bb shape_type=\u00bbwaves_opacity\u00bb gradient_type=\u00bbdefault\u00bb][vc_column column_padding=\u00bbno-extra-padding\u00bb&#8230;<\/p>\n","protected":false},"author":3,"featured_media":0,"parent":0,"menu_order":0,"comment_status":"closed","ping_status":"closed","template":"","meta":{"footnotes":""},"class_list":["post-1985","page","type-page","status-publish"],"_links":{"self":[{"href":"https:\/\/stmarycs.net\/es\/wp-json\/wp\/v2\/pages\/1985","targetHints":{"allow":["GET"]}}],"collection":[{"href":"https:\/\/stmarycs.net\/es\/wp-json\/wp\/v2\/pages"}],"about":[{"href":"https:\/\/stmarycs.net\/es\/wp-json\/wp\/v2\/types\/page"}],"author":[{"embeddable":true,"href":"https:\/\/stmarycs.net\/es\/wp-json\/wp\/v2\/users\/3"}],"replies":[{"embeddable":true,"href":"https:\/\/stmarycs.net\/es\/wp-json\/wp\/v2\/comments?post=1985"}],"version-history":[{"count":0,"href":"https:\/\/stmarycs.net\/es\/wp-json\/wp\/v2\/pages\/1985\/revisions"}],"wp:attachment":[{"href":"https:\/\/stmarycs.net\/es\/wp-json\/wp\/v2\/media?parent=1985"}],"curies":[{"name":"wp","href":"https:\/\/api.w.org\/{rel}","templated":true}]}}