{"id":1983,"date":"2023-05-30T17:59:31","date_gmt":"2023-05-30T23:59:31","guid":{"rendered":"https:\/\/stmarycs.net\/oportunidades-de-empleo\/"},"modified":"2025-10-28T15:00:25","modified_gmt":"2025-10-28T21:00:25","slug":"oportunidades-de-empleo","status":"publish","type":"page","link":"https:\/\/stmarycs.net\/es\/oportunidades-de-empleo\/","title":{"rendered":"Oportunidades de empleo"},"content":{"rendered":"[vc_row type=\u00bbfull_width_background\u00bb full_screen_row_position=\u00bbmiddle\u00bb column_margin=\u00bbdefault\u00bb column_direction=\u00bbdefault\u00bb column_direction_tablet=\u00bbdefault\u00bb column_direction_phone=\u00bbdefault\u00bb scene_position=\u00bbcenter\u00bb top_padding=\u00bb15%\u00bb bottom_padding=\u00bb12%\u00bb text_color=\u00bblight\u00bb text_align=\u00bbleft\u00bb row_border_radius=\u00bbnone\u00bb row_border_radius_applies=\u00bbbg\u00bb overflow=\u00bbvisible\u00bb enable_gradient=\u00bbtrue\u00bb color_overlay=\u00bb#020f62&#8243; color_overlay_2=\u00bb#454860&#8243; advanced_gradient_angle=\u00bb0&#8243; overlay_strength=\u00bb0.8&#8243; gradient_direction=\u00bbleft_t_to_right_b\u00bb enable_shape_divider=\u00bbtrue\u00bb shape_divider_color=\u00bb#ffffff\u00bb shape_divider_position=\u00bbbottom\u00bb shape_divider_height=\u00bb150&#8243; shape_divider_bring_to_front=\u00bbtrue\u00bb bg_image_animation=\u00bbnone\u00bb shape_type=\u00bbwaves_opacity\u00bb gradient_type=\u00bbdefault\u00bb][vc_column column_padding=\u00bbno-extra-padding\u00bb column_padding_tablet=\u00bbinherit\u00bb column_padding_phone=\u00bbinherit\u00bb column_padding_position=\u00bball\u00bb column_element_spacing=\u00bbdefault\u00bb background_color_opacity=\u00bb1&#8243; background_hover_color_opacity=\u00bb1&#8243; column_shadow=\u00bbnone\u00bb column_border_radius=\u00bbnone\u00bb column_link_target=\u00bb_self\u00bb column_position=\u00bbdefault\u00bb gradient_direction=\u00bbleft_to_right\u00bb overlay_strength=\u00bb0.3&#8243; width=\u00bb1\/1&#8243; tablet_width_inherit=\u00bbdefault\u00bb tablet_text_alignment=\u00bbdefault\u00bb phone_text_alignment=\u00bbdefault\u00bb animation_type=\u00bbdefault\u00bb bg_image_animation=\u00bbnone\u00bb border_type=\u00bbsimple\u00bb column_border_width=\u00bbnone\u00bb column_border_style=\u00bbsolid\u00bb][vc_column_text]\n<h1 style=\"text-align: center;\">Oportunidades de empleo<\/h1>\n[\/vc_column_text][\/vc_column][\/vc_row][vc_row type=\u00bbfull_width_background\u00bb full_screen_row_position=\u00bbmiddle\u00bb column_margin=\u00bbdefault\u00bb column_direction=\u00bbdefault\u00bb column_direction_tablet=\u00bbdefault\u00bb column_direction_phone=\u00bbdefault\u00bb scene_position=\u00bbcenter\u00bb top_padding=\u00bb4%\u00bb bottom_padding=\u00bb6%\u00bb text_color=\u00bbdark\u00bb text_align=\u00bbleft\u00bb row_border_radius=\u00bbnone\u00bb row_border_radius_applies=\u00bbbg\u00bb overflow=\u00bbvisible\u00bb advanced_gradient_angle=\u00bb0&#8243; overlay_strength=\u00bb0.3&#8243; gradient_direction=\u00bbleft_to_right\u00bb shape_divider_position=\u00bbbottom\u00bb bg_image_animation=\u00bbnone\u00bb gradient_type=\u00bbdefault\u00bb shape_type=\u00bb\u00bb][vc_column column_padding=\u00bbno-extra-padding\u00bb column_padding_tablet=\u00bbinherit\u00bb column_padding_phone=\u00bbinherit\u00bb column_padding_position=\u00bball\u00bb column_element_spacing=\u00bbdefault\u00bb background_color_opacity=\u00bb1&#8243; background_hover_color_opacity=\u00bb1&#8243; column_shadow=\u00bbnone\u00bb column_border_radius=\u00bbnone\u00bb column_link_target=\u00bb_self\u00bb column_position=\u00bbdefault\u00bb gradient_direction=\u00bbleft_to_right\u00bb overlay_strength=\u00bb0.3&#8243; width=\u00bb1\/1&#8243; tablet_width_inherit=\u00bbdefault\u00bb tablet_text_alignment=\u00bbdefault\u00bb phone_text_alignment=\u00bbdefault\u00bb animation_type=\u00bbdefault\u00bb bg_image_animation=\u00bbnone\u00bb border_type=\u00bbsimple\u00bb column_border_width=\u00bbnone\u00bb column_border_style=\u00bbsolid\u00bb][vc_column_text]\n<div class=\"moduleInner customModule moduleTitleHidden moduleSubtitleHidden\">\n<div class=\"moduleBody\">\n<h5 style=\"text-align: center;\"><strong>Gracias por considerar el empleo en la Escuela Cat\u00f3lica St. Mary. A continuaci\u00f3n se muestra una lista de los puestos vacantes actuales en St. Mary.<\/strong><\/h5>\n<\/div>\n<\/div>\n[\/vc_column_text][toggles style=\u00bbminimal\u00bb accordion=\u00bbtrue\u00bb accordion_starting_functionality=\u00bbclosed\u00bb][toggle color=\u00bbDefault\u00bb heading_tag=\u00bbdefault\u00bb title=\u00bb2025-26 Maestra sustituta\u00bb][vc_column_text]\n<div class=\"moduleInner customModule moduleTitleHidden moduleSubtitleHidden\">\n<div class=\"moduleBody\">\n<div class=\"moduleInner customModule moduleTitleHidden moduleSubtitleHidden\">\n<div class=\"moduleBody\">\n<p>Nuestros maestros sustitutos cubren las ausencias de los maestros en el preescolar y la escuela principal. Los maestros se comunicar\u00e1n con los sustitutos registrados cuando surja la necesidad de ver si est\u00e1n libres y dispuestos a cubrir una clase. Adem\u00e1s de seguir y ejecutar los planes de lecciones, los sustitutos asumen la responsabilidad de supervisar el comportamiento de los estudiantes en clase y durante los per\u00edodos de lonche y recreo seg\u00fan lo asignado. Esta posici\u00f3n es como maestra sustituta de medio tiempo en St. Mary para Preescolar \u2013 8vo grado. Los maestros sustitutos pueden establecer con qu\u00e9 grados se sienten c\u00f3modos trabajando.<\/p>\n<p><strong>Requisitos:<\/strong><\/p>\n<ul>\n<li>Entrenamiento de Ambiente Seguro<\/li>\n<li>C\u00f3digo de conducta firmado para el AoD<\/li>\n<li>Verificaci\u00f3n de antecedentes aprobado<\/li>\n<li>Exenci\u00f3n de responsabilidad firmada<\/li>\n<li>Entrenamiento de conmoci\u00f3n cerebral<\/li>\n<li>Entrenamiento obligatoria para denunciantes<\/li>\n<li>Capacitaciones en seguridad de RR.HH.<\/li>\n<\/ul>\n<p>Para obtener m\u00e1s informaci\u00f3n, comun\u00edquese con la oficina de la escuela al <a href=\"tel:+9703538100\">970-353-8100<\/a>.<br \/>\nPara aplicar, env\u00ede su CV por correo electr\u00f3nico a <a href=\"mailto:principal@stmarycs.net\">principal@stmarycs.net<\/a>.<\/p>\n<\/div>\n<\/div>\n<\/div>\n<\/div>\n[\/vc_column_text][\/toggle][toggle color=\u00bbDefault\u00bb heading_tag=\u00bbdefault\u00bb title=\u00bb2025-26 Entrenadores deportivos voluntario\u00bb][vc_column_text]\n<p class=\"ignore-global-css\"><span class=\"ignore-global-css\"><strong class=\"ignore-global-css\">EL PUESTO: <\/strong>Los Entrenadores Deportivos Voluntarios reportar\u00e1n al Director Atl\u00e9tico Voluntario y al director de la escuela. Se necesitan entrenadores deportivos para realizar pr\u00e1cticas fuera de la horario de la escuela y asistir\/entrenar todos los partidos locales y visitantes. Otras responsabilidades incluyen, entre otras:<\/span><\/p>\n<ul>\n<li>Coordinar con el DA y el personal de la oficina de la escuela con respecto a los horarios de pr\u00e1ctica, equipos deportivos, uniformes, etc.<\/li>\n<li><span class=\"ignore-global-css\">Hacer cumplir las pol\u00edticas escolares con respecto a la asistencia escolar, los requisitos de calificaciones y el c\u00f3digo de vestimenta para todos los eventos deportivos. Comunicar estas pol\u00edticas a las familias escolares y a los deportistas.<\/span><\/li>\n<li>Ayudar en la planificaci\u00f3n y ejecuci\u00f3n de banquetes\/ceremonias deportivas aplicables.<\/li>\n<\/ul>\n<p>Los siguientes deportes necesitar\u00e1n entrenadores para el a\u00f1o escolar 2025-26:<\/p>\n<ul>\n<li>F\u00fatbol masculino (oto\u00f1o)<\/li>\n<li>Basquetbol femenino (oto\u00f1o)<\/li>\n<li>Voleibol femenino (oto\u00f1o)<\/li>\n<li>Basquetbol masculino (primavera)<\/li>\n<li>F\u00fatbol femenino (primavera)<\/li>\n<li>Atletismo para ni\u00f1os y ni\u00f1as (primavera)<\/li>\n<\/ul>\n<p>Para obtener m\u00e1s informaci\u00f3n, env\u00ede un correo electr\u00f3nico al <a href=\"mailto:admin.assistant@stmarycs.net\">admin.assistant@stmarycs.net.<\/a>[\/vc_column_text][\/toggle][\/toggles][vc_raw_html]PGlmcmFtZSBpZD0idi1mcmFtZSIgaGVpZ2h0PSI2MDBweCIgd2lkdGg9IjEzMDBweCIgZnJhbWVib3JkZXI9IjAiIGFsbG93PSJjbGlwYm9hcmQtd3JpdGUiIHNyYz0iaHR0cHM6Ly9yZWNydWl0aW5nLnBheWxvY2l0eS5jb20vcmVjcnVpdGluZy9qb2JzL0FsbC9iMmRmZWYzZC1mNDY0LTRkMWEtYjk4Ny01ZTRhZjZiZjg3NmUvU3QtTWFyeS1DYXRob2xpYy1QYXJpc2gtR3JlZWxleSIgc2Nyb2xsaW5nPSJ5ZXMiPjwvaWZyYW1lPg==[\/vc_raw_html][\/vc_column][\/vc_row]\n","protected":false},"excerpt":{"rendered":"<p>[vc_row type=\u00bbfull_width_background\u00bb full_screen_row_position=\u00bbmiddle\u00bb column_margin=\u00bbdefault\u00bb column_direction=\u00bbdefault\u00bb column_direction_tablet=\u00bbdefault\u00bb column_direction_phone=\u00bbdefault\u00bb scene_position=\u00bbcenter\u00bb top_padding=\u00bb15%\u00bb bottom_padding=\u00bb12%\u00bb text_color=\u00bblight\u00bb text_align=\u00bbleft\u00bb row_border_radius=\u00bbnone\u00bb row_border_radius_applies=\u00bbbg\u00bb overflow=\u00bbvisible\u00bb enable_gradient=\u00bbtrue\u00bb color_overlay=\u00bb#020f62&#8243; color_overlay_2=\u00bb#454860&#8243; advanced_gradient_angle=\u00bb0&#8243; overlay_strength=\u00bb0.8&#8243; gradient_direction=\u00bbleft_t_to_right_b\u00bb enable_shape_divider=\u00bbtrue\u00bb shape_divider_color=\u00bb#ffffff\u00bb shape_divider_position=\u00bbbottom\u00bb shape_divider_height=\u00bb150&#8243; shape_divider_bring_to_front=\u00bbtrue\u00bb bg_image_animation=\u00bbnone\u00bb shape_type=\u00bbwaves_opacity\u00bb gradient_type=\u00bbdefault\u00bb][vc_column column_padding=\u00bbno-extra-padding\u00bb&#8230;<\/p>\n","protected":false},"author":3,"featured_media":0,"parent":0,"menu_order":0,"comment_status":"closed","ping_status":"closed","template":"","meta":{"footnotes":""},"class_list":["post-1983","page","type-page","status-publish"],"_links":{"self":[{"href":"https:\/\/stmarycs.net\/es\/wp-json\/wp\/v2\/pages\/1983","targetHints":{"allow":["GET"]}}],"collection":[{"href":"https:\/\/stmarycs.net\/es\/wp-json\/wp\/v2\/pages"}],"about":[{"href":"https:\/\/stmarycs.net\/es\/wp-json\/wp\/v2\/types\/page"}],"author":[{"embeddable":true,"href":"https:\/\/stmarycs.net\/es\/wp-json\/wp\/v2\/users\/3"}],"replies":[{"embeddable":true,"href":"https:\/\/stmarycs.net\/es\/wp-json\/wp\/v2\/comments?post=1983"}],"version-history":[{"count":0,"href":"https:\/\/stmarycs.net\/es\/wp-json\/wp\/v2\/pages\/1983\/revisions"}],"wp:attachment":[{"href":"https:\/\/stmarycs.net\/es\/wp-json\/wp\/v2\/media?parent=1983"}],"curies":[{"name":"wp","href":"https:\/\/api.w.org\/{rel}","templated":true}]}}