{"id":1936,"date":"2023-05-25T15:29:41","date_gmt":"2023-05-25T21:29:41","guid":{"rendered":"https:\/\/stmarycs.net\/politica-de-no-discriminacion-estudiantil-y-acreditacion\/"},"modified":"2024-10-30T11:26:20","modified_gmt":"2024-10-30T17:26:20","slug":"politica-de-no-discriminacion-estudiantil-y-acreditacion","status":"publish","type":"page","link":"https:\/\/stmarycs.net\/es\/politica-de-no-discriminacion-estudiantil-y-acreditacion\/","title":{"rendered":"Pol\u00edtica de No Discriminaci\u00f3n Estudiantil y Acreditaci\u00f3n"},"content":{"rendered":"[vc_row type=\u00bbfull_width_background\u00bb full_screen_row_position=\u00bbmiddle\u00bb column_margin=\u00bbdefault\u00bb column_direction=\u00bbdefault\u00bb column_direction_tablet=\u00bbdefault\u00bb column_direction_phone=\u00bbdefault\u00bb bg_color=\u00bb#f2f2f2&#8243; scene_position=\u00bbcenter\u00bb top_padding=\u00bb8%\u00bb constrain_group_1=\u00bbyes\u00bb bottom_padding=\u00bb8%\u00bb text_color=\u00bbdark\u00bb text_align=\u00bbleft\u00bb row_border_radius=\u00bbnone\u00bb row_border_radius_applies=\u00bbbg\u00bb overflow=\u00bbvisible\u00bb advanced_gradient_angle=\u00bb0&#8243; overlay_strength=\u00bb0.3&#8243; gradient_direction=\u00bbleft_to_right\u00bb shape_divider_position=\u00bbbottom\u00bb bg_image_animation=\u00bbnone\u00bb gradient_type=\u00bbdefault\u00bb shape_type=\u00bb\u00bb][vc_column column_padding=\u00bbno-extra-padding\u00bb column_padding_tablet=\u00bbinherit\u00bb column_padding_phone=\u00bbinherit\u00bb column_padding_position=\u00bball\u00bb column_element_spacing=\u00bbdefault\u00bb background_color_opacity=\u00bb1&#8243; background_hover_color_opacity=\u00bb1&#8243; column_shadow=\u00bbnone\u00bb column_border_radius=\u00bbnone\u00bb column_link_target=\u00bb_self\u00bb column_position=\u00bbdefault\u00bb gradient_direction=\u00bbleft_to_right\u00bb overlay_strength=\u00bb0.3&#8243; width=\u00bb1\/1&#8243; tablet_width_inherit=\u00bbdefault\u00bb tablet_text_alignment=\u00bbdefault\u00bb phone_text_alignment=\u00bbdefault\u00bb animation_type=\u00bbdefault\u00bb bg_image_animation=\u00bbnone\u00bb border_type=\u00bbsimple\u00bb column_border_width=\u00bbnone\u00bb column_border_style=\u00bbsolid\u00bb][vc_column_text]\n<div>\n<div>\n<h5><strong>Declaraci\u00f3n de Garant\u00eda de cumplimiento de los prop\u00f3sitos del T\u00edtulo IX de la Ley de Educaci\u00f3n<\/strong><\/h5>\n<div>\n<div>\n<p>Las escuelas cat\u00f3licas de la Arquidi\u00f3cesis, bajo la jurisdicci\u00f3n del Arzobispo y bajo la direcci\u00f3n del Superintendente, atestiguan que ninguna de las escuelas cat\u00f3licas discrimina por motivos de sexo en sus pol\u00edticas de admisi\u00f3n, tratamiento de estudiantes o pr\u00e1cticas de empleo.<\/p>\n<h5><strong>Aviso de Pol\u00edtica de No Discriminaci\u00f3n Estudiantil<\/strong><\/h5>\n<p>Las escuelas cat\u00f3licas de la Arquidi\u00f3cesis de Denver, bajo la jurisdicci\u00f3n del Arzobispo Samuel J. Aquila, S.T.L. y bajo la direcci\u00f3n del Superintendente, declarar que todas sus escuelas cat\u00f3licas admiten estudiantes de cualquier raza, color, origen nacional o \u00e9tnico a todos los derechos, privilegios, programas y actividades generalmente otorgados o puestos a disposici\u00f3n de los estudiantes en las escuelas. Adem\u00e1s, las escuelas arquidiocesanas admiten estudiantes discapacitados de acuerdo con la pol\u00edtica de admisiones del Manual del administrador de las escuelas cat\u00f3licas de la Arquidi\u00f3cesis de Denver. Estas escuelas no discriminan por motivos de raza, edad, discapacidad, color u origen nacional o \u00e9tnico en la administraci\u00f3n de sus pol\u00edticas educativas, pr\u00e1cticas laborales, programas de becas y pr\u00e9stamos, programas deportivos u otros programas administrados por la escuela.<\/p>\n<\/div>\n<\/div>\n<\/div>\n<\/div>\n[\/vc_column_text][\/vc_column][\/vc_row][vc_row type=\u00bbfull_width_background\u00bb full_screen_row_position=\u00bbmiddle\u00bb column_margin=\u00bbdefault\u00bb column_direction=\u00bbdefault\u00bb column_direction_tablet=\u00bbdefault\u00bb column_direction_phone=\u00bbdefault\u00bb bg_color=\u00bb#dbdbdb\u00bb scene_position=\u00bbcenter\u00bb top_padding=\u00bb8%\u00bb constrain_group_1=\u00bbyes\u00bb bottom_padding=\u00bb8%\u00bb text_color=\u00bbdark\u00bb text_align=\u00bbleft\u00bb row_border_radius=\u00bbnone\u00bb row_border_radius_applies=\u00bbbg\u00bb overflow=\u00bbvisible\u00bb advanced_gradient_angle=\u00bb0&#8243; overlay_strength=\u00bb0.3&#8243; gradient_direction=\u00bbleft_to_right\u00bb shape_divider_position=\u00bbbottom\u00bb bg_image_animation=\u00bbnone\u00bb gradient_type=\u00bbdefault\u00bb shape_type=\u00bb\u00bb][vc_column column_padding=\u00bbno-extra-padding\u00bb column_padding_tablet=\u00bbinherit\u00bb column_padding_phone=\u00bbinherit\u00bb column_padding_position=\u00bball\u00bb column_element_spacing=\u00bbdefault\u00bb background_color_opacity=\u00bb1&#8243; background_hover_color_opacity=\u00bb1&#8243; column_shadow=\u00bbnone\u00bb column_border_radius=\u00bbnone\u00bb column_link_target=\u00bb_self\u00bb column_position=\u00bbdefault\u00bb gradient_direction=\u00bbleft_to_right\u00bb overlay_strength=\u00bb0.3&#8243; width=\u00bb1\/1&#8243; tablet_width_inherit=\u00bbdefault\u00bb tablet_text_alignment=\u00bbdefault\u00bb phone_text_alignment=\u00bbdefault\u00bb animation_type=\u00bbdefault\u00bb bg_image_animation=\u00bbnone\u00bb border_type=\u00bbsimple\u00bb column_border_width=\u00bbnone\u00bb column_border_style=\u00bbsolid\u00bb][vc_column_text]\n<h5><strong>Acreditaci\u00f3n<\/strong><\/h5>\n<p>La Escuela Cat\u00f3lica St. Mary es miembro de las Escuelas Cat\u00f3licas de la Arquidi\u00f3cesis de Denver y, por lo tanto, no busca acreditaci\u00f3n de una organizaci\u00f3n de acreditaci\u00f3n nacional. Para obtener m\u00e1s informaci\u00f3n, consulte el siguiente documento para obtener una declaraci\u00f3n del Superintendente de Escuelas Cat\u00f3licas. <\/p>\n<p>Nuestros programas de Preescolar y Cuidado Antes\/Despu\u00e9s est\u00e1n autorizados por el Departamento de Salud y Servicios Humanos de Colorado.[\/vc_column_text][nectar_btn size=\u00bbsmall\u00bb open_new_tab=\u00bbtrue\u00bb button_style=\u00bbregular\u00bb button_color_2=\u00bbAccent-Color\u00bb icon_family=\u00bbnone\u00bb text=\u00bbVer Declaraci\u00f3n de Acreditaci\u00f3n\u00bb url=\u00bbhttps:\/\/stmarycs.net\/wp-content\/uploads\/2024\/10\/OCS-Accreditation-Statement-091224.pdf\u00bb][\/vc_column][\/vc_row]\n","protected":false},"excerpt":{"rendered":"<p>[vc_row type=\u00bbfull_width_background\u00bb full_screen_row_position=\u00bbmiddle\u00bb column_margin=\u00bbdefault\u00bb column_direction=\u00bbdefault\u00bb column_direction_tablet=\u00bbdefault\u00bb column_direction_phone=\u00bbdefault\u00bb bg_color=\u00bb#f2f2f2&#8243; scene_position=\u00bbcenter\u00bb top_padding=\u00bb8%\u00bb constrain_group_1=\u00bbyes\u00bb bottom_padding=\u00bb8%\u00bb text_color=\u00bbdark\u00bb text_align=\u00bbleft\u00bb row_border_radius=\u00bbnone\u00bb row_border_radius_applies=\u00bbbg\u00bb overflow=\u00bbvisible\u00bb advanced_gradient_angle=\u00bb0&#8243; overlay_strength=\u00bb0.3&#8243; gradient_direction=\u00bbleft_to_right\u00bb shape_divider_position=\u00bbbottom\u00bb bg_image_animation=\u00bbnone\u00bb gradient_type=\u00bbdefault\u00bb shape_type=\u00bb\u00bb][vc_column column_padding=\u00bbno-extra-padding\u00bb column_padding_tablet=\u00bbinherit\u00bb column_padding_phone=\u00bbinherit\u00bb column_padding_position=\u00bball\u00bb column_element_spacing=\u00bbdefault\u00bb background_color_opacity=\u00bb1&#8243;&#8230;<\/p>\n","protected":false},"author":3,"featured_media":0,"parent":0,"menu_order":0,"comment_status":"closed","ping_status":"closed","template":"","meta":{"footnotes":""},"class_list":["post-1936","page","type-page","status-publish"],"_links":{"self":[{"href":"https:\/\/stmarycs.net\/es\/wp-json\/wp\/v2\/pages\/1936","targetHints":{"allow":["GET"]}}],"collection":[{"href":"https:\/\/stmarycs.net\/es\/wp-json\/wp\/v2\/pages"}],"about":[{"href":"https:\/\/stmarycs.net\/es\/wp-json\/wp\/v2\/types\/page"}],"author":[{"embeddable":true,"href":"https:\/\/stmarycs.net\/es\/wp-json\/wp\/v2\/users\/3"}],"replies":[{"embeddable":true,"href":"https:\/\/stmarycs.net\/es\/wp-json\/wp\/v2\/comments?post=1936"}],"version-history":[{"count":0,"href":"https:\/\/stmarycs.net\/es\/wp-json\/wp\/v2\/pages\/1936\/revisions"}],"wp:attachment":[{"href":"https:\/\/stmarycs.net\/es\/wp-json\/wp\/v2\/media?parent=1936"}],"curies":[{"name":"wp","href":"https:\/\/api.w.org\/{rel}","templated":true}]}}