{"id":1934,"date":"2023-05-25T18:50:24","date_gmt":"2023-05-26T00:50:24","guid":{"rendered":"https:\/\/stmarycs.net\/faq\/"},"modified":"2025-06-13T13:19:26","modified_gmt":"2025-06-13T19:19:26","slug":"faq","status":"publish","type":"page","link":"https:\/\/stmarycs.net\/es\/faq\/","title":{"rendered":"FAQ"},"content":{"rendered":"[vc_row type=\u00bbfull_width_background\u00bb full_screen_row_position=\u00bbmiddle\u00bb column_margin=\u00bbdefault\u00bb column_direction=\u00bbdefault\u00bb column_direction_tablet=\u00bbdefault\u00bb column_direction_phone=\u00bbdefault\u00bb scene_position=\u00bbcenter\u00bb top_padding=\u00bb15%\u00bb bottom_padding=\u00bb12%\u00bb text_color=\u00bblight\u00bb text_align=\u00bbleft\u00bb row_border_radius=\u00bbnone\u00bb row_border_radius_applies=\u00bbbg\u00bb overflow=\u00bbvisible\u00bb enable_gradient=\u00bbtrue\u00bb color_overlay=\u00bb#020f62&#8243; color_overlay_2=\u00bb#454860&#8243; advanced_gradient_angle=\u00bb0&#8243; overlay_strength=\u00bb0.8&#8243; gradient_direction=\u00bbleft_t_to_right_b\u00bb enable_shape_divider=\u00bbtrue\u00bb shape_divider_color=\u00bb#ffffff\u00bb shape_divider_position=\u00bbbottom\u00bb shape_divider_height=\u00bb150&#8243; shape_divider_bring_to_front=\u00bbtrue\u00bb bg_image_animation=\u00bbnone\u00bb shape_type=\u00bbwaves_opacity\u00bb gradient_type=\u00bbdefault\u00bb][vc_column column_padding=\u00bbno-extra-padding\u00bb column_padding_tablet=\u00bbinherit\u00bb column_padding_phone=\u00bbinherit\u00bb column_padding_position=\u00bball\u00bb column_element_spacing=\u00bbdefault\u00bb background_color_opacity=\u00bb1&#8243; background_hover_color_opacity=\u00bb1&#8243; column_shadow=\u00bbnone\u00bb column_border_radius=\u00bbnone\u00bb column_link_target=\u00bb_self\u00bb column_position=\u00bbdefault\u00bb gradient_direction=\u00bbleft_to_right\u00bb overlay_strength=\u00bb0.3&#8243; width=\u00bb1\/1&#8243; tablet_width_inherit=\u00bbdefault\u00bb tablet_text_alignment=\u00bbdefault\u00bb phone_text_alignment=\u00bbdefault\u00bb animation_type=\u00bbdefault\u00bb bg_image_animation=\u00bbnone\u00bb border_type=\u00bbsimple\u00bb column_border_width=\u00bbnone\u00bb column_border_style=\u00bbsolid\u00bb][vc_column_text]\n<h1 style=\"text-align: center;\">FAQ<\/h1>\n<h4 style=\"text-align: center;\">\u00bfPreguntas? \u00a1Cont\u00e1ctenos!<\/h4>\n[\/vc_column_text][\/vc_column][\/vc_row][vc_row type=\u00bbfull_width_background\u00bb full_screen_row_position=\u00bbmiddle\u00bb column_margin=\u00bbdefault\u00bb column_direction=\u00bbdefault\u00bb column_direction_tablet=\u00bbdefault\u00bb column_direction_phone=\u00bbdefault\u00bb scene_position=\u00bbcenter\u00bb top_padding=\u00bb4%\u00bb bottom_padding=\u00bb6%\u00bb text_color=\u00bbdark\u00bb text_align=\u00bbleft\u00bb row_border_radius=\u00bbnone\u00bb row_border_radius_applies=\u00bbbg\u00bb overflow=\u00bbvisible\u00bb advanced_gradient_angle=\u00bb0&#8243; overlay_strength=\u00bb0.3&#8243; gradient_direction=\u00bbleft_to_right\u00bb shape_divider_position=\u00bbbottom\u00bb bg_image_animation=\u00bbnone\u00bb gradient_type=\u00bbdefault\u00bb shape_type=\u00bb\u00bb][vc_column column_padding=\u00bbno-extra-padding\u00bb column_padding_tablet=\u00bbinherit\u00bb column_padding_phone=\u00bbinherit\u00bb column_padding_position=\u00bball\u00bb column_element_spacing=\u00bbdefault\u00bb background_color_opacity=\u00bb1&#8243; background_hover_color_opacity=\u00bb1&#8243; column_shadow=\u00bbnone\u00bb column_border_radius=\u00bbnone\u00bb column_link_target=\u00bb_self\u00bb column_position=\u00bbdefault\u00bb gradient_direction=\u00bbleft_to_right\u00bb overlay_strength=\u00bb0.3&#8243; width=\u00bb1\/1&#8243; tablet_width_inherit=\u00bbdefault\u00bb tablet_text_alignment=\u00bbdefault\u00bb phone_text_alignment=\u00bbdefault\u00bb animation_type=\u00bbdefault\u00bb bg_image_animation=\u00bbnone\u00bb border_type=\u00bbsimple\u00bb column_border_width=\u00bbnone\u00bb column_border_style=\u00bbsolid\u00bb][toggles style=\u00bbminimal\u00bb accordion=\u00bbtrue\u00bb accordion_starting_functionality=\u00bbclosed\u00bb][toggle color=\u00bbDefault\u00bb heading_tag=\u00bbdefault\u00bb title=\u00bb\u00bfCu\u00e1les son los horarios escolares?\u00bb][vc_column_text]El d\u00eda escolar comienza a las 8:15 am (puede dejar a su hijo a las 8:00 am) y termina a las 3:30 pm para todos los estudiantes de kinder a octavo grado. Nuestra guarder\u00eda de la ma\u00f1ana est\u00e1 disponible de 7:00 a 8:00 am y la guarder\u00eda de la tarde est\u00e1 disponible de 3:30 a 5:30 pm.[\/vc_column_text][\/toggle][toggle color=\u00bbDefault\u00bb heading_tag=\u00bbdefault\u00bb title=\u00bb\u00bfCu\u00e1ntos estudiantes asisten a St. Mary? \u00bfCu\u00e1ntas clases hay en cada grado?\u00bb][vc_column_text]En los grados Preescolar-8, est\u00e1n matriculados aproximadamente 210 estudiantes. Somos una escuela de v\u00eda \u00fanica con un sal\u00f3n de clases por grado, lo que crea una comunidad peque\u00f1a y familiar.[\/vc_column_text][\/toggle][toggle color=\u00bbDefault\u00bb heading_tag=\u00bbdefault\u00bb title=\u00bb\u00bfLos estudiantes usan uniformes?\u00bb][vc_column_text]Los estudiantes de kinder a octavo grado usan uniformes. Las reglas de uniformes se pueden ver en el Manual de Padres\/Estudiantes. Los uniformes deben conseguirse a trav\u00e9s de Education Outfitters of Colorado. Los estudiantes usan un uniforme especial de \u00abMisa\u00bb para la Misa semanal los mi\u00e9rcoles.[\/vc_column_text][nectar_btn size=\u00bblarge\u00bb button_style=\u00bbregular\u00bb button_color_2=\u00bbExtra-Color-3&#8243; icon_family=\u00bbnone\u00bb text=\u00bbUniformes\u00bb url=\u00bb\/uniforms\u00bb][\/toggle][toggle color=\u00bbDefault\u00bb heading_tag=\u00bbdefault\u00bb title=\u00bb\u00bfSe ofrece un programa de lonche caliente?\u00bb][vc_column_text]Se ofrece un programa de lonche caliente a los estudiantes a trav\u00e9s de los servicios del Distrito 6. Los lonches se pueden comprar mensualmente. El men\u00fa del lonche mensual se env\u00eda directamente a las familias actuales.[\/vc_column_text][nectar_btn size=\u00bblarge\u00bb button_style=\u00bbregular\u00bb button_color_2=\u00bbExtra-Color-3&#8243; icon_family=\u00bbnone\u00bb text=\u00bbPrograma de lonche\u00bb url=\u00bb\/lunch-program\u00bb][\/toggle][toggle color=\u00bbDefault\u00bb heading_tag=\u00bbdefault\u00bb title=\u00bb\u00bfSt. Mary proporciona transporte?\u00bb][vc_column_text]No, los padres son responsables del transporte de sus hijos hacia y desde la escuela. Nuestras familias a menudo se unen a los viajes compartidos para compartir la responsabilidad de ir y venir de la escuela durante la semana cuando vienen de lejos. Sin embargo, sugerimos que las familias de Fort Lupton se comuniquen con la Iglesia Cat\u00f3lica St. William con respecto a la ruta del autob\u00fas escolar.[\/vc_column_text][\/toggle][toggle color=\u00bbDefault\u00bb heading_tag=\u00bbdefault\u00bb title=\u00bb\u00bfC\u00f3mo informo a la escuela si mi hijo est\u00e1 enfermo?\u00bb][vc_column_text]Llame a la oficina de la escuela al 970-353-8100 o env\u00edenos un correo electr\u00f3nico a <a href=\"mailto:admin.assistant@stmarycs.net\">admin.assistant@stmarycs.net<\/a> antes de las 9:00 AM y deje un mensaje con su nombre, el nombre de su hijo, el nombre del maestro y el motivo de la ausencia.[\/vc_column_text][\/toggle][toggle color=\u00bbDefault\u00bb heading_tag=\u00bbdefault\u00bb title=\u00bb\u00bfTus maestros est\u00e1n certificados? \u00bfEst\u00e1 acreditada la escuela?\u00bb][vc_column_text]Todos los maestros est\u00e1n certificados. La Escuela Cat\u00f3lica St. Mary es miembro de las Escuelas Cat\u00f3licas de la Arquidi\u00f3cesis de Denver y, por lo tanto, no busca la acreditaci\u00f3n de una organizaci\u00f3n de acreditaci\u00f3n nacional. Para obtener m\u00e1s informaci\u00f3n, consulte el siguiente documento con la declaraci\u00f3n del Superintendente de Escuelas Cat\u00f3licas.[\/vc_column_text][nectar_btn size=\u00bbsmall\u00bb open_new_tab=\u00bbtrue\u00bb button_style=\u00bbregular\u00bb button_color_2=\u00bbAccent-Color\u00bb icon_family=\u00bbnone\u00bb text=\u00bbVer declaraci\u00f3n\u00bb url=\u00bbhttps:\/\/stmarycs.net\/wp-content\/uploads\/2024\/10\/OCS-Accreditation-Statement-091224.pdf\u00bb][\/toggle][toggle color=\u00bbDefault\u00bb heading_tag=\u00bbdefault\u00bb title=\u00bb\u00bfOfrecen algunas actividades extraescolares?\u00bb][vc_column_text]La escuela cat\u00f3lica St. Mary ofrece consejo estudiantil, coro, banda, orquesta, basquetbol, f\u00fatbol, \u200b\u200b\u200b\u200bvoleibol y atletismo.[\/vc_column_text][\/toggle][toggle color=\u00bbDefault\u00bb heading_tag=\u00bbdefault\u00bb title=\u00bb\u00bfNecesitamos ser cat\u00f3licos para asistir a la Escuela Cat\u00f3lica de St. Mary?\u00bb][vc_column_text]St. Mary da la bienvenida a estudiantes de todos los or\u00edgenes, tanto de crecimiento religioso como no religioso.[\/vc_column_text][\/toggle][toggle color=\u00bbDefault\u00bb heading_tag=\u00bbdefault\u00bb title=\u00bb\u00bfLa asistencia para la matr\u00edcula est\u00e1 disponible para todos los estudiantes?\u00bb][vc_column_text]La asistencia para la matr\u00edcula est\u00e1 disponible para todas las familias que califiquen a trav\u00e9s de nuestros socios: Seeds of Hope y Ace Scholarships. El Fondo de Dotaci\u00f3n de St. Mary y el programa Adopci\u00f3n de un \u00c1ngel tambi\u00e9n est\u00e1n disponibles para las familias que califiquen.[\/vc_column_text][nectar_btn size=\u00bblarge\u00bb button_style=\u00bbregular\u00bb button_color_2=\u00bbExtra-Color-3&#8243; icon_family=\u00bbnone\u00bb text=\u00bbAyuda financiera\u00bb url=\u00bb\/financial-aid\u00bb][\/toggle][toggle color=\u00bbDefault\u00bb heading_tag=\u00bbdefault\u00bb title=\u00bb\u00bfCu\u00e1l es la pauta de cumplea\u00f1os para los ni\u00f1os que ingresan al kinder?\u00bb][vc_column_text]St. Mary se adhiere a la fecha l\u00edmite de la Arquidi\u00f3cesis de Denver. Un ni\u00f1o que tenga 5 a\u00f1os el 1 de octubre o antes puede ingresar al kinder.[\/vc_column_text][\/toggle][toggle color=\u00bbDefault\u00bb heading_tag=\u00bbdefault\u00bb title=\u00bb\u00bfQu\u00e9 &quot;especiales&quot; se ofrecen a los estudiantes?\u00bb][vc_column_text]A los estudiantes se les ofrecen clases de arte, educaci\u00f3n f\u00edsica, biblioteca y espa\u00f1ol.[\/vc_column_text][\/toggle][\/toggles][\/vc_column][\/vc_row]\n","protected":false},"excerpt":{"rendered":"<p>[vc_row type=\u00bbfull_width_background\u00bb full_screen_row_position=\u00bbmiddle\u00bb column_margin=\u00bbdefault\u00bb column_direction=\u00bbdefault\u00bb column_direction_tablet=\u00bbdefault\u00bb column_direction_phone=\u00bbdefault\u00bb scene_position=\u00bbcenter\u00bb top_padding=\u00bb15%\u00bb bottom_padding=\u00bb12%\u00bb text_color=\u00bblight\u00bb text_align=\u00bbleft\u00bb row_border_radius=\u00bbnone\u00bb row_border_radius_applies=\u00bbbg\u00bb overflow=\u00bbvisible\u00bb enable_gradient=\u00bbtrue\u00bb color_overlay=\u00bb#020f62&#8243; color_overlay_2=\u00bb#454860&#8243; advanced_gradient_angle=\u00bb0&#8243; overlay_strength=\u00bb0.8&#8243; gradient_direction=\u00bbleft_t_to_right_b\u00bb enable_shape_divider=\u00bbtrue\u00bb shape_divider_color=\u00bb#ffffff\u00bb shape_divider_position=\u00bbbottom\u00bb shape_divider_height=\u00bb150&#8243; shape_divider_bring_to_front=\u00bbtrue\u00bb bg_image_animation=\u00bbnone\u00bb shape_type=\u00bbwaves_opacity\u00bb gradient_type=\u00bbdefault\u00bb][vc_column column_padding=\u00bbno-extra-padding\u00bb&#8230;<\/p>\n","protected":false},"author":3,"featured_media":2069,"parent":0,"menu_order":0,"comment_status":"closed","ping_status":"closed","template":"","meta":{"footnotes":""},"class_list":["post-1934","page","type-page","status-publish","has-post-thumbnail"],"_links":{"self":[{"href":"https:\/\/stmarycs.net\/es\/wp-json\/wp\/v2\/pages\/1934","targetHints":{"allow":["GET"]}}],"collection":[{"href":"https:\/\/stmarycs.net\/es\/wp-json\/wp\/v2\/pages"}],"about":[{"href":"https:\/\/stmarycs.net\/es\/wp-json\/wp\/v2\/types\/page"}],"author":[{"embeddable":true,"href":"https:\/\/stmarycs.net\/es\/wp-json\/wp\/v2\/users\/3"}],"replies":[{"embeddable":true,"href":"https:\/\/stmarycs.net\/es\/wp-json\/wp\/v2\/comments?post=1934"}],"version-history":[{"count":0,"href":"https:\/\/stmarycs.net\/es\/wp-json\/wp\/v2\/pages\/1934\/revisions"}],"wp:featuredmedia":[{"embeddable":true,"href":"https:\/\/stmarycs.net\/es\/wp-json\/wp\/v2\/media\/2069"}],"wp:attachment":[{"href":"https:\/\/stmarycs.net\/es\/wp-json\/wp\/v2\/media?parent=1934"}],"curies":[{"name":"wp","href":"https:\/\/api.w.org\/{rel}","templated":true}]}}